{"id":962,"date":"2020-12-04T20:35:47","date_gmt":"2020-12-04T19:35:47","guid":{"rendered":"https:\/\/www.magic-knitting.rs\/?post_type=product&#038;p=962"},"modified":"2024-10-17T15:54:11","modified_gmt":"2024-10-17T13:54:11","slug":"everest-2000","status":"publish","type":"product","link":"https:\/\/www.magic-knitting.rs\/en\/prodavnica\/predivo\/lana-gatto\/everest-2000\/","title":{"rendered":"Everest 2000"},"content":{"rendered":"<p>Lana Gatto Everest 2000 is a wonderful woolen yarn in unusual colors, discreetly interspersed with a little more added color, making it special and unusual. Everest yarn is suitable for making winter clothes, from sweaters, cardigans, scarves, children's clothes, and all kinds of winter hats. All the ladies said this yarn is wonderful, soft, and easy to work with.<\/p>","protected":false},"excerpt":{"rendered":"<p>Sastav:\u00a0 95% merino vuna 5% viskoza<\/p>\n<p>Weight: 50g<\/p>\n<p>Length: 100 m<\/p>\n<p>Needles: 5.0mm<\/p>\n<p>Poreklo: Made In Italy<\/p>","protected":false},"featured_media":963,"template":"","meta":{"_acf_changed":false},"product_brand":[],"product_cat":[101,61],"product_tag":[],"class_list":{"0":"post-962","1":"product","2":"type-product","3":"status-publish","4":"has-post-thumbnail","6":"product_cat-lana-gatto","7":"product_cat-predivo","8":"product_shipping_class-postexpress","10":"first","11":"outofstock","12":"shipping-taxable","13":"product-type-variable"},"acf":[],"yoast_head":"<!-- This site is optimized with the Yoast SEO plugin v27.4 - https:\/\/yoast.com\/product\/yoast-seo-wordpress\/ -->\n<title>Lana Gatto Everest 2000 | Predivo | Magic Knitting<\/title>\n<meta name=\"description\" content=\"Lana Gatto Everest 2000 je divno vuneno predivo u neobi\u010dnim bojama, diskretno pro\u0161arano sa jo\u0161 malo dodatih boja i tako ga \u010dini posebnim i neobi\u010dnim.\" \/>\n<meta name=\"robots\" content=\"index, follow, max-snippet:-1, max-image-preview:large, max-video-preview:-1\" \/>\n<link rel=\"canonical\" href=\"https:\/\/www.magic-knitting.rs\/en\/prodavnica\/predivo\/lana-gatto\/everest-2000\/\" \/>\n<meta property=\"og:locale\" content=\"en_GB\" \/>\n<meta property=\"og:type\" content=\"article\" \/>\n<meta property=\"og:title\" content=\"Lana Gatto Everest 2000 | Predivo | Magic Knitting\" \/>\n<meta property=\"og:description\" content=\"Lana Gatto Everest 2000 je divno vuneno predivo u neobi\u010dnim bojama, diskretno pro\u0161arano sa jo\u0161 malo dodatih boja i tako ga \u010dini posebnim i neobi\u010dnim.\" \/>\n<meta property=\"og:url\" content=\"https:\/\/www.magic-knitting.rs\/en\/prodavnica\/predivo\/lana-gatto\/everest-2000\/\" \/>\n<meta property=\"og:site_name\" content=\"Magic Knitting\" \/>\n<meta property=\"article:modified_time\" content=\"2024-10-17T13:54:11+00:00\" \/>\n<meta property=\"og:image\" content=\"https:\/\/www.magic-knitting.rs\/wp-content\/uploads\/IMG_9533-scaled.jpg\" \/>\n\t<meta property=\"og:image:width\" content=\"1920\" \/>\n\t<meta property=\"og:image:height\" content=\"2560\" \/>\n\t<meta property=\"og:image:type\" content=\"image\/jpeg\" \/>\n<meta name=\"twitter:card\" content=\"summary_large_image\" \/>\n<meta name=\"twitter:label1\" content=\"Estimated reading time\" \/>\n\t<meta name=\"twitter:data1\" content=\"1 minute\" \/>\n<script type=\"application\/ld+json\" class=\"yoast-schema-graph\">{\"@context\":\"https:\\\/\\\/schema.org\",\"@graph\":[{\"@type\":\"WebPage\",\"@id\":\"https:\\\/\\\/www.magic-knitting.rs\\\/prodavnica\\\/predivo\\\/lana-gatto\\\/everest-2000\\\/\",\"url\":\"https:\\\/\\\/www.magic-knitting.rs\\\/prodavnica\\\/predivo\\\/lana-gatto\\\/everest-2000\\\/\",\"name\":\"Lana Gatto Everest 2000 | Predivo | Magic Knitting\",\"isPartOf\":{\"@id\":\"https:\\\/\\\/www.magic-knitting.rs\\\/#website\"},\"primaryImageOfPage\":{\"@id\":\"https:\\\/\\\/www.magic-knitting.rs\\\/prodavnica\\\/predivo\\\/lana-gatto\\\/everest-2000\\\/#primaryimage\"},\"image\":{\"@id\":\"https:\\\/\\\/www.magic-knitting.rs\\\/prodavnica\\\/predivo\\\/lana-gatto\\\/everest-2000\\\/#primaryimage\"},\"thumbnailUrl\":\"https:\\\/\\\/www.magic-knitting.rs\\\/wp-content\\\/uploads\\\/IMG_9533-scaled.jpg\",\"datePublished\":\"2020-12-04T19:35:47+00:00\",\"dateModified\":\"2024-10-17T13:54:11+00:00\",\"description\":\"Lana Gatto Everest 2000 je divno vuneno predivo u neobi\u010dnim bojama, diskretno pro\u0161arano sa jo\u0161 malo dodatih boja i tako ga \u010dini posebnim i neobi\u010dnim.\",\"breadcrumb\":{\"@id\":\"https:\\\/\\\/www.magic-knitting.rs\\\/prodavnica\\\/predivo\\\/lana-gatto\\\/everest-2000\\\/#breadcrumb\"},\"inLanguage\":\"en-GB\",\"potentialAction\":[{\"@type\":\"ReadAction\",\"target\":[\"https:\\\/\\\/www.magic-knitting.rs\\\/prodavnica\\\/predivo\\\/lana-gatto\\\/everest-2000\\\/\"]}]},{\"@type\":\"ImageObject\",\"inLanguage\":\"en-GB\",\"@id\":\"https:\\\/\\\/www.magic-knitting.rs\\\/prodavnica\\\/predivo\\\/lana-gatto\\\/everest-2000\\\/#primaryimage\",\"url\":\"https:\\\/\\\/www.magic-knitting.rs\\\/wp-content\\\/uploads\\\/IMG_9533-scaled.jpg\",\"contentUrl\":\"https:\\\/\\\/www.magic-knitting.rs\\\/wp-content\\\/uploads\\\/IMG_9533-scaled.jpg\",\"width\":1920,\"height\":2560,\"caption\":\"Lana Gatto Everest 2000\"},{\"@type\":\"BreadcrumbList\",\"@id\":\"https:\\\/\\\/www.magic-knitting.rs\\\/prodavnica\\\/predivo\\\/lana-gatto\\\/everest-2000\\\/#breadcrumb\",\"itemListElement\":[{\"@type\":\"ListItem\",\"position\":1,\"name\":\"Po\u010detna\",\"item\":\"https:\\\/\\\/www.magic-knitting.rs\\\/\"},{\"@type\":\"ListItem\",\"position\":2,\"name\":\"Prodavnica\",\"item\":\"https:\\\/\\\/www.magic-knitting.rs\\\/prodavnica\\\/\"},{\"@type\":\"ListItem\",\"position\":3,\"name\":\"Everest 2000\"}]},{\"@type\":\"WebSite\",\"@id\":\"https:\\\/\\\/www.magic-knitting.rs\\\/#website\",\"url\":\"https:\\\/\\\/www.magic-knitting.rs\\\/\",\"name\":\"Magic Knitting\",\"description\":\"vune i prediva\",\"publisher\":{\"@id\":\"https:\\\/\\\/www.magic-knitting.rs\\\/#organization\"},\"potentialAction\":[{\"@type\":\"SearchAction\",\"target\":{\"@type\":\"EntryPoint\",\"urlTemplate\":\"https:\\\/\\\/www.magic-knitting.rs\\\/?s={search_term_string}\"},\"query-input\":{\"@type\":\"PropertyValueSpecification\",\"valueRequired\":true,\"valueName\":\"search_term_string\"}}],\"inLanguage\":\"en-GB\"},{\"@type\":\"Organization\",\"@id\":\"https:\\\/\\\/www.magic-knitting.rs\\\/#organization\",\"name\":\"Magic Knitting\",\"url\":\"https:\\\/\\\/www.magic-knitting.rs\\\/\",\"logo\":{\"@type\":\"ImageObject\",\"inLanguage\":\"en-GB\",\"@id\":\"https:\\\/\\\/www.magic-knitting.rs\\\/#\\\/schema\\\/logo\\\/image\\\/\",\"url\":\"https:\\\/\\\/www.magic-knitting.rs\\\/wp-content\\\/uploads\\\/knitting-magic-logo.svg\",\"contentUrl\":\"https:\\\/\\\/www.magic-knitting.rs\\\/wp-content\\\/uploads\\\/knitting-magic-logo.svg\",\"width\":350,\"height\":56,\"caption\":\"Magic Knitting\"},\"image\":{\"@id\":\"https:\\\/\\\/www.magic-knitting.rs\\\/#\\\/schema\\\/logo\\\/image\\\/\"},\"sameAs\":[\"https:\\\/\\\/www.instagram.com\\\/knitting.magic\\\/\"]}]}<\/script>\n<!-- \/ Yoast SEO plugin. -->","yoast_head_json":{"title":"Lana Gatto Everest 2000 | Predivo | Magic Knitting","description":"Lana Gatto Everest 2000 je divno vuneno predivo u neobi\u010dnim bojama, diskretno pro\u0161arano sa jo\u0161 malo dodatih boja i tako ga \u010dini posebnim i neobi\u010dnim.","robots":{"index":"index","follow":"follow","max-snippet":"max-snippet:-1","max-image-preview":"max-image-preview:large","max-video-preview":"max-video-preview:-1"},"canonical":"https:\/\/www.magic-knitting.rs\/en\/prodavnica\/predivo\/lana-gatto\/everest-2000\/","og_locale":"en_GB","og_type":"article","og_title":"Lana Gatto Everest 2000 | Predivo | Magic Knitting","og_description":"Lana Gatto Everest 2000 je divno vuneno predivo u neobi\u010dnim bojama, diskretno pro\u0161arano sa jo\u0161 malo dodatih boja i tako ga \u010dini posebnim i neobi\u010dnim.","og_url":"https:\/\/www.magic-knitting.rs\/en\/prodavnica\/predivo\/lana-gatto\/everest-2000\/","og_site_name":"Magic Knitting","article_modified_time":"2024-10-17T13:54:11+00:00","og_image":[{"width":1920,"height":2560,"url":"https:\/\/www.magic-knitting.rs\/wp-content\/uploads\/IMG_9533-scaled.jpg","type":"image\/jpeg"}],"twitter_card":"summary_large_image","twitter_misc":{"Estimated reading time":"1 minute"},"schema":{"@context":"https:\/\/schema.org","@graph":[{"@type":"WebPage","@id":"https:\/\/www.magic-knitting.rs\/prodavnica\/predivo\/lana-gatto\/everest-2000\/","url":"https:\/\/www.magic-knitting.rs\/prodavnica\/predivo\/lana-gatto\/everest-2000\/","name":"Lana Gatto Everest 2000 | Predivo | Magic Knitting","isPartOf":{"@id":"https:\/\/www.magic-knitting.rs\/#website"},"primaryImageOfPage":{"@id":"https:\/\/www.magic-knitting.rs\/prodavnica\/predivo\/lana-gatto\/everest-2000\/#primaryimage"},"image":{"@id":"https:\/\/www.magic-knitting.rs\/prodavnica\/predivo\/lana-gatto\/everest-2000\/#primaryimage"},"thumbnailUrl":"https:\/\/www.magic-knitting.rs\/wp-content\/uploads\/IMG_9533-scaled.jpg","datePublished":"2020-12-04T19:35:47+00:00","dateModified":"2024-10-17T13:54:11+00:00","description":"Lana Gatto Everest 2000 je divno vuneno predivo u neobi\u010dnim bojama, diskretno pro\u0161arano sa jo\u0161 malo dodatih boja i tako ga \u010dini posebnim i neobi\u010dnim.","breadcrumb":{"@id":"https:\/\/www.magic-knitting.rs\/prodavnica\/predivo\/lana-gatto\/everest-2000\/#breadcrumb"},"inLanguage":"en-GB","potentialAction":[{"@type":"ReadAction","target":["https:\/\/www.magic-knitting.rs\/prodavnica\/predivo\/lana-gatto\/everest-2000\/"]}]},{"@type":"ImageObject","inLanguage":"en-GB","@id":"https:\/\/www.magic-knitting.rs\/prodavnica\/predivo\/lana-gatto\/everest-2000\/#primaryimage","url":"https:\/\/www.magic-knitting.rs\/wp-content\/uploads\/IMG_9533-scaled.jpg","contentUrl":"https:\/\/www.magic-knitting.rs\/wp-content\/uploads\/IMG_9533-scaled.jpg","width":1920,"height":2560,"caption":"Lana Gatto Everest 2000"},{"@type":"BreadcrumbList","@id":"https:\/\/www.magic-knitting.rs\/prodavnica\/predivo\/lana-gatto\/everest-2000\/#breadcrumb","itemListElement":[{"@type":"ListItem","position":1,"name":"Po\u010detna","item":"https:\/\/www.magic-knitting.rs\/"},{"@type":"ListItem","position":2,"name":"Prodavnica","item":"https:\/\/www.magic-knitting.rs\/prodavnica\/"},{"@type":"ListItem","position":3,"name":"Everest 2000"}]},{"@type":"WebSite","@id":"https:\/\/www.magic-knitting.rs\/#website","url":"https:\/\/www.magic-knitting.rs\/","name":"Magic Knitting","description":"wool and yarn","publisher":{"@id":"https:\/\/www.magic-knitting.rs\/#organization"},"potentialAction":[{"@type":"SearchAction","target":{"@type":"EntryPoint","urlTemplate":"https:\/\/www.magic-knitting.rs\/?s={search_term_string}"},"query-input":{"@type":"PropertyValueSpecification","valueRequired":true,"valueName":"search_term_string"}}],"inLanguage":"en-GB"},{"@type":"Organization","@id":"https:\/\/www.magic-knitting.rs\/#organization","name":"Magic Knitting","url":"https:\/\/www.magic-knitting.rs\/","logo":{"@type":"ImageObject","inLanguage":"en-GB","@id":"https:\/\/www.magic-knitting.rs\/#\/schema\/logo\/image\/","url":"https:\/\/www.magic-knitting.rs\/wp-content\/uploads\/knitting-magic-logo.svg","contentUrl":"https:\/\/www.magic-knitting.rs\/wp-content\/uploads\/knitting-magic-logo.svg","width":350,"height":56,"caption":"Magic Knitting"},"image":{"@id":"https:\/\/www.magic-knitting.rs\/#\/schema\/logo\/image\/"},"sameAs":["https:\/\/www.instagram.com\/knitting.magic\/"]}]}},"_links":{"self":[{"href":"https:\/\/www.magic-knitting.rs\/en\/wp-json\/wp\/v2\/product\/962","targetHints":{"allow":["GET"]}}],"collection":[{"href":"https:\/\/www.magic-knitting.rs\/en\/wp-json\/wp\/v2\/product"}],"about":[{"href":"https:\/\/www.magic-knitting.rs\/en\/wp-json\/wp\/v2\/types\/product"}],"wp:featuredmedia":[{"embeddable":true,"href":"https:\/\/www.magic-knitting.rs\/en\/wp-json\/wp\/v2\/media\/963"}],"wp:attachment":[{"href":"https:\/\/www.magic-knitting.rs\/en\/wp-json\/wp\/v2\/media?parent=962"}],"wp:term":[{"taxonomy":"product_brand","embeddable":true,"href":"https:\/\/www.magic-knitting.rs\/en\/wp-json\/wp\/v2\/product_brand?post=962"},{"taxonomy":"product_cat","embeddable":true,"href":"https:\/\/www.magic-knitting.rs\/en\/wp-json\/wp\/v2\/product_cat?post=962"},{"taxonomy":"product_tag","embeddable":true,"href":"https:\/\/www.magic-knitting.rs\/en\/wp-json\/wp\/v2\/product_tag?post=962"}],"curies":[{"name":"wp","href":"https:\/\/api.w.org\/{rel}","templated":true}]}}