{"id":895,"date":"2020-12-04T13:41:12","date_gmt":"2020-12-04T12:41:12","guid":{"rendered":"https:\/\/www.magic-knitting.rs\/?post_type=product&#038;p=895"},"modified":"2024-03-07T23:13:00","modified_gmt":"2024-03-07T22:13:00","slug":"royal-alpaca","status":"publish","type":"product","link":"https:\/\/www.magic-knitting.rs\/en\/prodavnica\/predivo\/lana-gatto\/royal-alpaca\/","title":{"rendered":"Royal Alpaca"},"content":{"rendered":"<p>If you want your knitted garments to have alpaca threads, then Royal Alpaca is the right yarn for you. Royal Alpaca is from their Royal collection of yarns. Alpaca is available in soft colors, a very warm yarn suitable for making wonderful and soft sweaters, cardigans, and children's knitted pieces.<\/p>","protected":false},"excerpt":{"rendered":"<p>Composition: 70% Baby Alpaca 30% Polyamide<\/p>\n<p>Weight: 50g<\/p>\n<p>Length: 115 m<\/p>\n<p>Needles: 5.0mm<\/p>\n<p>Maintenance: Handwash<\/p>\n<p>Poreklo: Made In Italy<\/p>","protected":false},"featured_media":896,"template":"","meta":{"_acf_changed":false},"product_brand":[],"product_cat":[101,61],"product_tag":[],"class_list":{"0":"post-895","1":"product","2":"type-product","3":"status-publish","4":"has-post-thumbnail","6":"product_cat-lana-gatto","7":"product_cat-predivo","8":"product_shipping_class-postexpress","10":"first","11":"outofstock","12":"shipping-taxable","13":"product-type-variable"},"acf":[],"yoast_head":"<!-- This site is optimized with the Yoast SEO plugin v27.4 - https:\/\/yoast.com\/product\/yoast-seo-wordpress\/ -->\n<title>Lana Gatto Royal Alpaca | Predivo | Magic Knitting<\/title>\n<meta name=\"description\" content=\"Lana Gatto Royal Alpaca je dostupna u ne\u017enim bojama, veoma toplo predivo pogodno za izradu divnih i mekih d\u017eempera, kardigana i de\u010dijih \u0161tikanih komada.\" \/>\n<meta name=\"robots\" content=\"index, follow, max-snippet:-1, max-image-preview:large, max-video-preview:-1\" \/>\n<link rel=\"canonical\" href=\"https:\/\/www.magic-knitting.rs\/en\/prodavnica\/predivo\/lana-gatto\/royal-alpaca\/\" \/>\n<meta property=\"og:locale\" content=\"en_GB\" \/>\n<meta property=\"og:type\" content=\"article\" \/>\n<meta property=\"og:title\" content=\"Lana Gatto Royal Alpaca | Predivo | Magic Knitting\" \/>\n<meta property=\"og:description\" content=\"Lana Gatto Royal Alpaca je dostupna u ne\u017enim bojama, veoma toplo predivo pogodno za izradu divnih i mekih d\u017eempera, kardigana i de\u010dijih \u0161tikanih komada.\" \/>\n<meta property=\"og:url\" content=\"https:\/\/www.magic-knitting.rs\/en\/prodavnica\/predivo\/lana-gatto\/royal-alpaca\/\" \/>\n<meta property=\"og:site_name\" content=\"Magic Knitting\" \/>\n<meta property=\"article:modified_time\" content=\"2024-03-07T22:13:00+00:00\" \/>\n<meta property=\"og:image\" content=\"https:\/\/www.magic-knitting.rs\/wp-content\/uploads\/IMG_9462-scaled.jpg\" \/>\n\t<meta property=\"og:image:width\" content=\"1920\" \/>\n\t<meta property=\"og:image:height\" content=\"2560\" \/>\n\t<meta property=\"og:image:type\" content=\"image\/jpeg\" \/>\n<meta name=\"twitter:card\" content=\"summary_large_image\" \/>\n<meta name=\"twitter:label1\" content=\"Estimated reading time\" \/>\n\t<meta name=\"twitter:data1\" content=\"1 minute\" \/>\n<script type=\"application\/ld+json\" class=\"yoast-schema-graph\">{\"@context\":\"https:\\\/\\\/schema.org\",\"@graph\":[{\"@type\":\"WebPage\",\"@id\":\"https:\\\/\\\/www.magic-knitting.rs\\\/prodavnica\\\/predivo\\\/lana-gatto\\\/royal-alpaca\\\/\",\"url\":\"https:\\\/\\\/www.magic-knitting.rs\\\/prodavnica\\\/predivo\\\/lana-gatto\\\/royal-alpaca\\\/\",\"name\":\"Lana Gatto Royal Alpaca | Predivo | Magic Knitting\",\"isPartOf\":{\"@id\":\"https:\\\/\\\/www.magic-knitting.rs\\\/#website\"},\"primaryImageOfPage\":{\"@id\":\"https:\\\/\\\/www.magic-knitting.rs\\\/prodavnica\\\/predivo\\\/lana-gatto\\\/royal-alpaca\\\/#primaryimage\"},\"image\":{\"@id\":\"https:\\\/\\\/www.magic-knitting.rs\\\/prodavnica\\\/predivo\\\/lana-gatto\\\/royal-alpaca\\\/#primaryimage\"},\"thumbnailUrl\":\"https:\\\/\\\/www.magic-knitting.rs\\\/wp-content\\\/uploads\\\/IMG_9462-scaled.jpg\",\"datePublished\":\"2020-12-04T12:41:12+00:00\",\"dateModified\":\"2024-03-07T22:13:00+00:00\",\"description\":\"Lana Gatto Royal Alpaca je dostupna u ne\u017enim bojama, veoma toplo predivo pogodno za izradu divnih i mekih d\u017eempera, kardigana i de\u010dijih \u0161tikanih komada.\",\"breadcrumb\":{\"@id\":\"https:\\\/\\\/www.magic-knitting.rs\\\/prodavnica\\\/predivo\\\/lana-gatto\\\/royal-alpaca\\\/#breadcrumb\"},\"inLanguage\":\"en-GB\",\"potentialAction\":[{\"@type\":\"ReadAction\",\"target\":[\"https:\\\/\\\/www.magic-knitting.rs\\\/prodavnica\\\/predivo\\\/lana-gatto\\\/royal-alpaca\\\/\"]}]},{\"@type\":\"ImageObject\",\"inLanguage\":\"en-GB\",\"@id\":\"https:\\\/\\\/www.magic-knitting.rs\\\/prodavnica\\\/predivo\\\/lana-gatto\\\/royal-alpaca\\\/#primaryimage\",\"url\":\"https:\\\/\\\/www.magic-knitting.rs\\\/wp-content\\\/uploads\\\/IMG_9462-scaled.jpg\",\"contentUrl\":\"https:\\\/\\\/www.magic-knitting.rs\\\/wp-content\\\/uploads\\\/IMG_9462-scaled.jpg\",\"width\":1920,\"height\":2560,\"caption\":\"Lana Gatto Royal Alpaca\"},{\"@type\":\"BreadcrumbList\",\"@id\":\"https:\\\/\\\/www.magic-knitting.rs\\\/prodavnica\\\/predivo\\\/lana-gatto\\\/royal-alpaca\\\/#breadcrumb\",\"itemListElement\":[{\"@type\":\"ListItem\",\"position\":1,\"name\":\"Po\u010detna\",\"item\":\"https:\\\/\\\/www.magic-knitting.rs\\\/\"},{\"@type\":\"ListItem\",\"position\":2,\"name\":\"Prodavnica\",\"item\":\"https:\\\/\\\/www.magic-knitting.rs\\\/prodavnica\\\/\"},{\"@type\":\"ListItem\",\"position\":3,\"name\":\"Royal Alpaca\"}]},{\"@type\":\"WebSite\",\"@id\":\"https:\\\/\\\/www.magic-knitting.rs\\\/#website\",\"url\":\"https:\\\/\\\/www.magic-knitting.rs\\\/\",\"name\":\"Magic Knitting\",\"description\":\"vune i prediva\",\"publisher\":{\"@id\":\"https:\\\/\\\/www.magic-knitting.rs\\\/#organization\"},\"potentialAction\":[{\"@type\":\"SearchAction\",\"target\":{\"@type\":\"EntryPoint\",\"urlTemplate\":\"https:\\\/\\\/www.magic-knitting.rs\\\/?s={search_term_string}\"},\"query-input\":{\"@type\":\"PropertyValueSpecification\",\"valueRequired\":true,\"valueName\":\"search_term_string\"}}],\"inLanguage\":\"en-GB\"},{\"@type\":\"Organization\",\"@id\":\"https:\\\/\\\/www.magic-knitting.rs\\\/#organization\",\"name\":\"Magic Knitting\",\"url\":\"https:\\\/\\\/www.magic-knitting.rs\\\/\",\"logo\":{\"@type\":\"ImageObject\",\"inLanguage\":\"en-GB\",\"@id\":\"https:\\\/\\\/www.magic-knitting.rs\\\/#\\\/schema\\\/logo\\\/image\\\/\",\"url\":\"https:\\\/\\\/www.magic-knitting.rs\\\/wp-content\\\/uploads\\\/knitting-magic-logo.svg\",\"contentUrl\":\"https:\\\/\\\/www.magic-knitting.rs\\\/wp-content\\\/uploads\\\/knitting-magic-logo.svg\",\"width\":350,\"height\":56,\"caption\":\"Magic Knitting\"},\"image\":{\"@id\":\"https:\\\/\\\/www.magic-knitting.rs\\\/#\\\/schema\\\/logo\\\/image\\\/\"},\"sameAs\":[\"https:\\\/\\\/www.instagram.com\\\/knitting.magic\\\/\"]}]}<\/script>\n<!-- \/ Yoast SEO plugin. -->","yoast_head_json":{"title":"Lana Gatto Royal Alpaca | Predivo | Magic Knitting","description":"Lana Gatto Royal Alpaca je dostupna u ne\u017enim bojama, veoma toplo predivo pogodno za izradu divnih i mekih d\u017eempera, kardigana i de\u010dijih \u0161tikanih komada.","robots":{"index":"index","follow":"follow","max-snippet":"max-snippet:-1","max-image-preview":"max-image-preview:large","max-video-preview":"max-video-preview:-1"},"canonical":"https:\/\/www.magic-knitting.rs\/en\/prodavnica\/predivo\/lana-gatto\/royal-alpaca\/","og_locale":"en_GB","og_type":"article","og_title":"Lana Gatto Royal Alpaca | Predivo | Magic Knitting","og_description":"Lana Gatto Royal Alpaca je dostupna u ne\u017enim bojama, veoma toplo predivo pogodno za izradu divnih i mekih d\u017eempera, kardigana i de\u010dijih \u0161tikanih komada.","og_url":"https:\/\/www.magic-knitting.rs\/en\/prodavnica\/predivo\/lana-gatto\/royal-alpaca\/","og_site_name":"Magic Knitting","article_modified_time":"2024-03-07T22:13:00+00:00","og_image":[{"width":1920,"height":2560,"url":"https:\/\/www.magic-knitting.rs\/wp-content\/uploads\/IMG_9462-scaled.jpg","type":"image\/jpeg"}],"twitter_card":"summary_large_image","twitter_misc":{"Estimated reading time":"1 minute"},"schema":{"@context":"https:\/\/schema.org","@graph":[{"@type":"WebPage","@id":"https:\/\/www.magic-knitting.rs\/prodavnica\/predivo\/lana-gatto\/royal-alpaca\/","url":"https:\/\/www.magic-knitting.rs\/prodavnica\/predivo\/lana-gatto\/royal-alpaca\/","name":"Lana Gatto Royal Alpaca | Predivo | Magic Knitting","isPartOf":{"@id":"https:\/\/www.magic-knitting.rs\/#website"},"primaryImageOfPage":{"@id":"https:\/\/www.magic-knitting.rs\/prodavnica\/predivo\/lana-gatto\/royal-alpaca\/#primaryimage"},"image":{"@id":"https:\/\/www.magic-knitting.rs\/prodavnica\/predivo\/lana-gatto\/royal-alpaca\/#primaryimage"},"thumbnailUrl":"https:\/\/www.magic-knitting.rs\/wp-content\/uploads\/IMG_9462-scaled.jpg","datePublished":"2020-12-04T12:41:12+00:00","dateModified":"2024-03-07T22:13:00+00:00","description":"Lana Gatto Royal Alpaca je dostupna u ne\u017enim bojama, veoma toplo predivo pogodno za izradu divnih i mekih d\u017eempera, kardigana i de\u010dijih \u0161tikanih komada.","breadcrumb":{"@id":"https:\/\/www.magic-knitting.rs\/prodavnica\/predivo\/lana-gatto\/royal-alpaca\/#breadcrumb"},"inLanguage":"en-GB","potentialAction":[{"@type":"ReadAction","target":["https:\/\/www.magic-knitting.rs\/prodavnica\/predivo\/lana-gatto\/royal-alpaca\/"]}]},{"@type":"ImageObject","inLanguage":"en-GB","@id":"https:\/\/www.magic-knitting.rs\/prodavnica\/predivo\/lana-gatto\/royal-alpaca\/#primaryimage","url":"https:\/\/www.magic-knitting.rs\/wp-content\/uploads\/IMG_9462-scaled.jpg","contentUrl":"https:\/\/www.magic-knitting.rs\/wp-content\/uploads\/IMG_9462-scaled.jpg","width":1920,"height":2560,"caption":"Lana Gatto Royal Alpaca"},{"@type":"BreadcrumbList","@id":"https:\/\/www.magic-knitting.rs\/prodavnica\/predivo\/lana-gatto\/royal-alpaca\/#breadcrumb","itemListElement":[{"@type":"ListItem","position":1,"name":"Po\u010detna","item":"https:\/\/www.magic-knitting.rs\/"},{"@type":"ListItem","position":2,"name":"Prodavnica","item":"https:\/\/www.magic-knitting.rs\/prodavnica\/"},{"@type":"ListItem","position":3,"name":"Royal Alpaca"}]},{"@type":"WebSite","@id":"https:\/\/www.magic-knitting.rs\/#website","url":"https:\/\/www.magic-knitting.rs\/","name":"Magic Knitting","description":"wool and yarn","publisher":{"@id":"https:\/\/www.magic-knitting.rs\/#organization"},"potentialAction":[{"@type":"SearchAction","target":{"@type":"EntryPoint","urlTemplate":"https:\/\/www.magic-knitting.rs\/?s={search_term_string}"},"query-input":{"@type":"PropertyValueSpecification","valueRequired":true,"valueName":"search_term_string"}}],"inLanguage":"en-GB"},{"@type":"Organization","@id":"https:\/\/www.magic-knitting.rs\/#organization","name":"Magic Knitting","url":"https:\/\/www.magic-knitting.rs\/","logo":{"@type":"ImageObject","inLanguage":"en-GB","@id":"https:\/\/www.magic-knitting.rs\/#\/schema\/logo\/image\/","url":"https:\/\/www.magic-knitting.rs\/wp-content\/uploads\/knitting-magic-logo.svg","contentUrl":"https:\/\/www.magic-knitting.rs\/wp-content\/uploads\/knitting-magic-logo.svg","width":350,"height":56,"caption":"Magic Knitting"},"image":{"@id":"https:\/\/www.magic-knitting.rs\/#\/schema\/logo\/image\/"},"sameAs":["https:\/\/www.instagram.com\/knitting.magic\/"]}]}},"_links":{"self":[{"href":"https:\/\/www.magic-knitting.rs\/en\/wp-json\/wp\/v2\/product\/895","targetHints":{"allow":["GET"]}}],"collection":[{"href":"https:\/\/www.magic-knitting.rs\/en\/wp-json\/wp\/v2\/product"}],"about":[{"href":"https:\/\/www.magic-knitting.rs\/en\/wp-json\/wp\/v2\/types\/product"}],"wp:featuredmedia":[{"embeddable":true,"href":"https:\/\/www.magic-knitting.rs\/en\/wp-json\/wp\/v2\/media\/896"}],"wp:attachment":[{"href":"https:\/\/www.magic-knitting.rs\/en\/wp-json\/wp\/v2\/media?parent=895"}],"wp:term":[{"taxonomy":"product_brand","embeddable":true,"href":"https:\/\/www.magic-knitting.rs\/en\/wp-json\/wp\/v2\/product_brand?post=895"},{"taxonomy":"product_cat","embeddable":true,"href":"https:\/\/www.magic-knitting.rs\/en\/wp-json\/wp\/v2\/product_cat?post=895"},{"taxonomy":"product_tag","embeddable":true,"href":"https:\/\/www.magic-knitting.rs\/en\/wp-json\/wp\/v2\/product_tag?post=895"}],"curies":[{"name":"wp","href":"https:\/\/api.w.org\/{rel}","templated":true}]}}