{"id":561,"date":"2020-08-07T11:25:54","date_gmt":"2020-08-07T09:25:54","guid":{"rendered":"https:\/\/www.magic-knitting.rs\/?post_type=product&#038;p=561"},"modified":"2024-03-18T17:23:49","modified_gmt":"2024-03-18T16:23:49","slug":"kashwool","status":"publish","type":"product","link":"https:\/\/www.magic-knitting.rs\/en\/prodavnica\/predivo\/concept-by-katia\/kashwool\/","title":{"rendered":"Kashwool"},"content":{"rendered":"<p>A versatile yarn perfect for making all winter garments, even coats, hats, and scarves. You can crochet a soft scarf with tassels thanks to the high yield. Only one ball is needed to make a pair of adult-size socks (43-44 eur) or two pairs of children's size socks (28-29 eur).<\/p>\n<p>The yarn is available in warm colors, and the combination of wool and cashmere will make your clothes soft and warm, and what is very important, they are even machine washable!<\/p>","protected":false},"excerpt":{"rendered":"<p>Sastav: 70% vuna 25% poliamid 5% ka\u0161mir<\/p>\n<p>Weight: 100g<\/p>\n<p>Length: 410 m<\/p>\n<p>Igle: 3.0 &#8211; 3.5mm<\/p>\n<p>Heklica: 3.0 &#8211; 3.5mm<\/p>\n<p>Origin: Italy<\/p>","protected":false},"featured_media":504,"template":"","meta":{"_acf_changed":false},"product_brand":[],"product_cat":[99,61],"product_tag":[46,45,27],"class_list":{"0":"post-561","1":"product","2":"type-product","3":"status-publish","4":"has-post-thumbnail","6":"product_cat-concept-by-katia","7":"product_cat-predivo","8":"product_tag-kasmir","9":"product_tag-poliamid","10":"product_tag-vuna","11":"product_shipping_class-postexpress","13":"first","14":"outofstock","15":"shipping-taxable","16":"purchasable","17":"product-type-variable","18":"has-default-attributes"},"acf":[],"yoast_head":"<!-- This site is optimized with the Yoast SEO plugin v27.4 - https:\/\/yoast.com\/product\/yoast-seo-wordpress\/ -->\n<title>Concept by Katia Kashwool | Predivo | Magic Knitting<\/title>\n<meta name=\"description\" content=\"Concept by Katia Kashwool predivo je dostupno u toplim bojama, a kombinacija vune sa ka\u0161mirom \u010dini\u0107e va\u0161e odevne predmete meke i tople\" \/>\n<meta name=\"robots\" content=\"index, follow, max-snippet:-1, max-image-preview:large, max-video-preview:-1\" \/>\n<link rel=\"canonical\" href=\"https:\/\/www.magic-knitting.rs\/en\/prodavnica\/predivo\/concept-by-katia\/kashwool\/\" \/>\n<meta property=\"og:locale\" content=\"en_GB\" \/>\n<meta property=\"og:type\" content=\"article\" \/>\n<meta property=\"og:title\" content=\"Concept by Katia Kashwool | Predivo | Magic Knitting\" \/>\n<meta property=\"og:description\" content=\"Concept by Katia Kashwool predivo je dostupno u toplim bojama, a kombinacija vune sa ka\u0161mirom \u010dini\u0107e va\u0161e odevne predmete meke i tople\" \/>\n<meta property=\"og:url\" content=\"https:\/\/www.magic-knitting.rs\/en\/prodavnica\/predivo\/concept-by-katia\/kashwool\/\" \/>\n<meta property=\"og:site_name\" content=\"Magic Knitting\" \/>\n<meta property=\"article:modified_time\" content=\"2024-03-18T16:23:49+00:00\" \/>\n<meta property=\"og:image\" content=\"https:\/\/www.magic-knitting.rs\/wp-content\/uploads\/IMG_6982-scaled.jpeg\" \/>\n\t<meta property=\"og:image:width\" content=\"1920\" \/>\n\t<meta property=\"og:image:height\" content=\"2560\" \/>\n\t<meta property=\"og:image:type\" content=\"image\/jpeg\" \/>\n<meta name=\"twitter:card\" content=\"summary_large_image\" \/>\n<meta name=\"twitter:label1\" content=\"Estimated reading time\" \/>\n\t<meta name=\"twitter:data1\" content=\"1 minute\" \/>\n<script type=\"application\/ld+json\" class=\"yoast-schema-graph\">{\"@context\":\"https:\\\/\\\/schema.org\",\"@graph\":[{\"@type\":\"WebPage\",\"@id\":\"https:\\\/\\\/www.magic-knitting.rs\\\/prodavnica\\\/predivo\\\/concept-by-katia\\\/kashwool\\\/\",\"url\":\"https:\\\/\\\/www.magic-knitting.rs\\\/prodavnica\\\/predivo\\\/concept-by-katia\\\/kashwool\\\/\",\"name\":\"Concept by Katia Kashwool | Predivo | Magic Knitting\",\"isPartOf\":{\"@id\":\"https:\\\/\\\/www.magic-knitting.rs\\\/#website\"},\"primaryImageOfPage\":{\"@id\":\"https:\\\/\\\/www.magic-knitting.rs\\\/prodavnica\\\/predivo\\\/concept-by-katia\\\/kashwool\\\/#primaryimage\"},\"image\":{\"@id\":\"https:\\\/\\\/www.magic-knitting.rs\\\/prodavnica\\\/predivo\\\/concept-by-katia\\\/kashwool\\\/#primaryimage\"},\"thumbnailUrl\":\"https:\\\/\\\/www.magic-knitting.rs\\\/wp-content\\\/uploads\\\/IMG_6982-scaled.jpeg\",\"datePublished\":\"2020-08-07T09:25:54+00:00\",\"dateModified\":\"2024-03-18T16:23:49+00:00\",\"description\":\"Concept by Katia Kashwool predivo je dostupno u toplim bojama, a kombinacija vune sa ka\u0161mirom \u010dini\u0107e va\u0161e odevne predmete meke i tople\",\"breadcrumb\":{\"@id\":\"https:\\\/\\\/www.magic-knitting.rs\\\/prodavnica\\\/predivo\\\/concept-by-katia\\\/kashwool\\\/#breadcrumb\"},\"inLanguage\":\"en-GB\",\"potentialAction\":[{\"@type\":\"ReadAction\",\"target\":[\"https:\\\/\\\/www.magic-knitting.rs\\\/prodavnica\\\/predivo\\\/concept-by-katia\\\/kashwool\\\/\"]}]},{\"@type\":\"ImageObject\",\"inLanguage\":\"en-GB\",\"@id\":\"https:\\\/\\\/www.magic-knitting.rs\\\/prodavnica\\\/predivo\\\/concept-by-katia\\\/kashwool\\\/#primaryimage\",\"url\":\"https:\\\/\\\/www.magic-knitting.rs\\\/wp-content\\\/uploads\\\/IMG_6982-scaled.jpeg\",\"contentUrl\":\"https:\\\/\\\/www.magic-knitting.rs\\\/wp-content\\\/uploads\\\/IMG_6982-scaled.jpeg\",\"width\":1920,\"height\":2560},{\"@type\":\"BreadcrumbList\",\"@id\":\"https:\\\/\\\/www.magic-knitting.rs\\\/prodavnica\\\/predivo\\\/concept-by-katia\\\/kashwool\\\/#breadcrumb\",\"itemListElement\":[{\"@type\":\"ListItem\",\"position\":1,\"name\":\"Po\u010detna\",\"item\":\"https:\\\/\\\/www.magic-knitting.rs\\\/\"},{\"@type\":\"ListItem\",\"position\":2,\"name\":\"Prodavnica\",\"item\":\"https:\\\/\\\/www.magic-knitting.rs\\\/prodavnica\\\/\"},{\"@type\":\"ListItem\",\"position\":3,\"name\":\"Kashwool\"}]},{\"@type\":\"WebSite\",\"@id\":\"https:\\\/\\\/www.magic-knitting.rs\\\/#website\",\"url\":\"https:\\\/\\\/www.magic-knitting.rs\\\/\",\"name\":\"Magic Knitting\",\"description\":\"vune i prediva\",\"publisher\":{\"@id\":\"https:\\\/\\\/www.magic-knitting.rs\\\/#organization\"},\"potentialAction\":[{\"@type\":\"SearchAction\",\"target\":{\"@type\":\"EntryPoint\",\"urlTemplate\":\"https:\\\/\\\/www.magic-knitting.rs\\\/?s={search_term_string}\"},\"query-input\":{\"@type\":\"PropertyValueSpecification\",\"valueRequired\":true,\"valueName\":\"search_term_string\"}}],\"inLanguage\":\"en-GB\"},{\"@type\":\"Organization\",\"@id\":\"https:\\\/\\\/www.magic-knitting.rs\\\/#organization\",\"name\":\"Magic Knitting\",\"url\":\"https:\\\/\\\/www.magic-knitting.rs\\\/\",\"logo\":{\"@type\":\"ImageObject\",\"inLanguage\":\"en-GB\",\"@id\":\"https:\\\/\\\/www.magic-knitting.rs\\\/#\\\/schema\\\/logo\\\/image\\\/\",\"url\":\"https:\\\/\\\/www.magic-knitting.rs\\\/wp-content\\\/uploads\\\/knitting-magic-logo.svg\",\"contentUrl\":\"https:\\\/\\\/www.magic-knitting.rs\\\/wp-content\\\/uploads\\\/knitting-magic-logo.svg\",\"width\":350,\"height\":56,\"caption\":\"Magic Knitting\"},\"image\":{\"@id\":\"https:\\\/\\\/www.magic-knitting.rs\\\/#\\\/schema\\\/logo\\\/image\\\/\"},\"sameAs\":[\"https:\\\/\\\/www.instagram.com\\\/knitting.magic\\\/\"]}]}<\/script>\n<!-- \/ Yoast SEO plugin. -->","yoast_head_json":{"title":"Concept by Katia Kashwool | Predivo | Magic Knitting","description":"Concept by Katia Kashwool predivo je dostupno u toplim bojama, a kombinacija vune sa ka\u0161mirom \u010dini\u0107e va\u0161e odevne predmete meke i tople","robots":{"index":"index","follow":"follow","max-snippet":"max-snippet:-1","max-image-preview":"max-image-preview:large","max-video-preview":"max-video-preview:-1"},"canonical":"https:\/\/www.magic-knitting.rs\/en\/prodavnica\/predivo\/concept-by-katia\/kashwool\/","og_locale":"en_GB","og_type":"article","og_title":"Concept by Katia Kashwool | Predivo | Magic Knitting","og_description":"Concept by Katia Kashwool predivo je dostupno u toplim bojama, a kombinacija vune sa ka\u0161mirom \u010dini\u0107e va\u0161e odevne predmete meke i tople","og_url":"https:\/\/www.magic-knitting.rs\/en\/prodavnica\/predivo\/concept-by-katia\/kashwool\/","og_site_name":"Magic Knitting","article_modified_time":"2024-03-18T16:23:49+00:00","og_image":[{"width":1920,"height":2560,"url":"https:\/\/www.magic-knitting.rs\/wp-content\/uploads\/IMG_6982-scaled.jpeg","type":"image\/jpeg"}],"twitter_card":"summary_large_image","twitter_misc":{"Estimated reading time":"1 minute"},"schema":{"@context":"https:\/\/schema.org","@graph":[{"@type":"WebPage","@id":"https:\/\/www.magic-knitting.rs\/prodavnica\/predivo\/concept-by-katia\/kashwool\/","url":"https:\/\/www.magic-knitting.rs\/prodavnica\/predivo\/concept-by-katia\/kashwool\/","name":"Concept by Katia Kashwool | Predivo | Magic Knitting","isPartOf":{"@id":"https:\/\/www.magic-knitting.rs\/#website"},"primaryImageOfPage":{"@id":"https:\/\/www.magic-knitting.rs\/prodavnica\/predivo\/concept-by-katia\/kashwool\/#primaryimage"},"image":{"@id":"https:\/\/www.magic-knitting.rs\/prodavnica\/predivo\/concept-by-katia\/kashwool\/#primaryimage"},"thumbnailUrl":"https:\/\/www.magic-knitting.rs\/wp-content\/uploads\/IMG_6982-scaled.jpeg","datePublished":"2020-08-07T09:25:54+00:00","dateModified":"2024-03-18T16:23:49+00:00","description":"Concept by Katia Kashwool predivo je dostupno u toplim bojama, a kombinacija vune sa ka\u0161mirom \u010dini\u0107e va\u0161e odevne predmete meke i tople","breadcrumb":{"@id":"https:\/\/www.magic-knitting.rs\/prodavnica\/predivo\/concept-by-katia\/kashwool\/#breadcrumb"},"inLanguage":"en-GB","potentialAction":[{"@type":"ReadAction","target":["https:\/\/www.magic-knitting.rs\/prodavnica\/predivo\/concept-by-katia\/kashwool\/"]}]},{"@type":"ImageObject","inLanguage":"en-GB","@id":"https:\/\/www.magic-knitting.rs\/prodavnica\/predivo\/concept-by-katia\/kashwool\/#primaryimage","url":"https:\/\/www.magic-knitting.rs\/wp-content\/uploads\/IMG_6982-scaled.jpeg","contentUrl":"https:\/\/www.magic-knitting.rs\/wp-content\/uploads\/IMG_6982-scaled.jpeg","width":1920,"height":2560},{"@type":"BreadcrumbList","@id":"https:\/\/www.magic-knitting.rs\/prodavnica\/predivo\/concept-by-katia\/kashwool\/#breadcrumb","itemListElement":[{"@type":"ListItem","position":1,"name":"Po\u010detna","item":"https:\/\/www.magic-knitting.rs\/"},{"@type":"ListItem","position":2,"name":"Prodavnica","item":"https:\/\/www.magic-knitting.rs\/prodavnica\/"},{"@type":"ListItem","position":3,"name":"Kashwool"}]},{"@type":"WebSite","@id":"https:\/\/www.magic-knitting.rs\/#website","url":"https:\/\/www.magic-knitting.rs\/","name":"Magic Knitting","description":"wool and yarn","publisher":{"@id":"https:\/\/www.magic-knitting.rs\/#organization"},"potentialAction":[{"@type":"SearchAction","target":{"@type":"EntryPoint","urlTemplate":"https:\/\/www.magic-knitting.rs\/?s={search_term_string}"},"query-input":{"@type":"PropertyValueSpecification","valueRequired":true,"valueName":"search_term_string"}}],"inLanguage":"en-GB"},{"@type":"Organization","@id":"https:\/\/www.magic-knitting.rs\/#organization","name":"Magic Knitting","url":"https:\/\/www.magic-knitting.rs\/","logo":{"@type":"ImageObject","inLanguage":"en-GB","@id":"https:\/\/www.magic-knitting.rs\/#\/schema\/logo\/image\/","url":"https:\/\/www.magic-knitting.rs\/wp-content\/uploads\/knitting-magic-logo.svg","contentUrl":"https:\/\/www.magic-knitting.rs\/wp-content\/uploads\/knitting-magic-logo.svg","width":350,"height":56,"caption":"Magic Knitting"},"image":{"@id":"https:\/\/www.magic-knitting.rs\/#\/schema\/logo\/image\/"},"sameAs":["https:\/\/www.instagram.com\/knitting.magic\/"]}]}},"_links":{"self":[{"href":"https:\/\/www.magic-knitting.rs\/en\/wp-json\/wp\/v2\/product\/561","targetHints":{"allow":["GET"]}}],"collection":[{"href":"https:\/\/www.magic-knitting.rs\/en\/wp-json\/wp\/v2\/product"}],"about":[{"href":"https:\/\/www.magic-knitting.rs\/en\/wp-json\/wp\/v2\/types\/product"}],"wp:featuredmedia":[{"embeddable":true,"href":"https:\/\/www.magic-knitting.rs\/en\/wp-json\/wp\/v2\/media\/504"}],"wp:attachment":[{"href":"https:\/\/www.magic-knitting.rs\/en\/wp-json\/wp\/v2\/media?parent=561"}],"wp:term":[{"taxonomy":"product_brand","embeddable":true,"href":"https:\/\/www.magic-knitting.rs\/en\/wp-json\/wp\/v2\/product_brand?post=561"},{"taxonomy":"product_cat","embeddable":true,"href":"https:\/\/www.magic-knitting.rs\/en\/wp-json\/wp\/v2\/product_cat?post=561"},{"taxonomy":"product_tag","embeddable":true,"href":"https:\/\/www.magic-knitting.rs\/en\/wp-json\/wp\/v2\/product_tag?post=561"}],"curies":[{"name":"wp","href":"https:\/\/api.w.org\/{rel}","templated":true}]}}