{"id":4390,"date":"2025-01-31T17:17:52","date_gmt":"2025-01-31T16:17:52","guid":{"rendered":"https:\/\/www.magic-knitting.rs\/?post_type=product&#038;p=4390"},"modified":"2025-03-22T10:27:44","modified_gmt":"2025-03-22T09:27:44","slug":"puplin-zirafa-copy","status":"publish","type":"product","link":"https:\/\/www.magic-knitting.rs\/en\/prodavnica\/metraza\/puplin-zirafa\/puplin-zirafa-copy\/","title":{"rendered":"Puplin \u017dirafa"},"content":{"rendered":"<p>100% pamu\u010dna tkanina sa printom \u017eirafe u nijansama \u017eute, roze i zelene na ru\u017ei\u010dastoj pozadini. Zahvaljujuc\u0301i svom sastavu, izgledu i mekoc\u0301i, pamu\u010dna tkanina od poplina Poplin Giraffes, Katia Fabrics, savr\u0161ena je tkanina za \u0161ivenje dodataka, haljina ili bluza za celu porodicu. Sigurni smo da c\u0301ete u\u017eivati u svojim projektima \u0161ivanja sa ovim lepim puplinom!<\/p>\n<p>&nbsp;<\/p>\n<p>-Univerzalna igla \/ debljina: 80\/90<br \/>\n-Oparite ili operite pre se\u010denja i \u0161ivanja.<br \/>\n&#8211; Uvek peglajte svetlucave \u0161are Poplin Gold-a na pole\u0111ini tkanine.<\/p>","protected":false},"excerpt":{"rendered":"<p>100% pamu\u010dna tkanina sa printom \u017eirafe u nijansama \u017eute, roze i zelene na ru\u017ei\u010dastoj pozadini. Zahvaljujuc\u0301i svom sastavu, izgledu i mekoc\u0301i, pamu\u010dna tkanina od poplina Poplin Giraffes, Katia Fabrics, savr\u0161ena je tkanina za \u0161ivenje dodataka, haljina ili bluza za celu porodicu. Sigurni smo da c\u0301ete u\u017eivati u svojim projektima \u0161ivanja sa ovim lepim puplinom! &nbsp; [&hellip;]<\/p>\n","protected":false},"featured_media":4511,"template":"","meta":{"_acf_changed":false},"product_brand":[],"product_cat":[167,139,145],"product_tag":[],"class_list":{"0":"post-4390","1":"product","2":"type-product","3":"status-publish","4":"has-post-thumbnail","6":"product_cat-katia-metraza","7":"product_cat-metraza","8":"product_cat-puplin-zirafa","10":"first","11":"instock","12":"sale","13":"shipping-taxable","14":"purchasable","15":"product-type-simple"},"acf":[],"yoast_head":"<!-- This site is optimized with the Yoast SEO plugin v27.4 - https:\/\/yoast.com\/product\/yoast-seo-wordpress\/ -->\n<title>Puplin \u017dirafa | Magic Knitting<\/title>\n<meta name=\"robots\" content=\"index, follow, max-snippet:-1, max-image-preview:large, max-video-preview:-1\" \/>\n<link rel=\"canonical\" href=\"https:\/\/www.magic-knitting.rs\/en\/prodavnica\/metraza\/puplin-zirafa\/puplin-zirafa-copy\/\" \/>\n<meta property=\"og:locale\" content=\"en_GB\" \/>\n<meta property=\"og:type\" content=\"article\" \/>\n<meta property=\"og:title\" content=\"Puplin \u017dirafa | Magic Knitting\" \/>\n<meta property=\"og:description\" content=\"100% pamu\u010dna tkanina sa printom \u017eirafe u nijansama \u017eute, roze i zelene na ru\u017ei\u010dastoj pozadini. Zahvaljujuc\u0301i svom sastavu, izgledu i mekoc\u0301i, pamu\u010dna tkanina od poplina Poplin Giraffes, Katia Fabrics, savr\u0161ena je tkanina za \u0161ivenje dodataka, haljina ili bluza za celu porodicu. Sigurni smo da c\u0301ete u\u017eivati u svojim projektima \u0161ivanja sa ovim lepim puplinom! &nbsp; [&hellip;]\" \/>\n<meta property=\"og:url\" content=\"https:\/\/www.magic-knitting.rs\/en\/prodavnica\/metraza\/puplin-zirafa\/puplin-zirafa-copy\/\" \/>\n<meta property=\"og:site_name\" content=\"Magic Knitting\" \/>\n<meta property=\"article:modified_time\" content=\"2025-03-22T09:27:44+00:00\" \/>\n<meta property=\"og:image\" content=\"https:\/\/www.magic-knitting.rs\/wp-content\/uploads\/IMG_4341-scaled.jpeg\" \/>\n\t<meta property=\"og:image:width\" content=\"1920\" \/>\n\t<meta property=\"og:image:height\" content=\"2560\" \/>\n\t<meta property=\"og:image:type\" content=\"image\/jpeg\" \/>\n<meta name=\"twitter:card\" content=\"summary_large_image\" \/>\n<meta name=\"twitter:label1\" content=\"Estimated reading time\" \/>\n\t<meta name=\"twitter:data1\" content=\"1 minute\" \/>\n<script type=\"application\/ld+json\" class=\"yoast-schema-graph\">{\"@context\":\"https:\\\/\\\/schema.org\",\"@graph\":[{\"@type\":\"WebPage\",\"@id\":\"https:\\\/\\\/www.magic-knitting.rs\\\/prodavnica\\\/metraza\\\/puplin-zirafa\\\/puplin-zirafa-copy\\\/\",\"url\":\"https:\\\/\\\/www.magic-knitting.rs\\\/prodavnica\\\/metraza\\\/puplin-zirafa\\\/puplin-zirafa-copy\\\/\",\"name\":\"Puplin \u017dirafa | Magic Knitting\",\"isPartOf\":{\"@id\":\"https:\\\/\\\/www.magic-knitting.rs\\\/#website\"},\"primaryImageOfPage\":{\"@id\":\"https:\\\/\\\/www.magic-knitting.rs\\\/prodavnica\\\/metraza\\\/puplin-zirafa\\\/puplin-zirafa-copy\\\/#primaryimage\"},\"image\":{\"@id\":\"https:\\\/\\\/www.magic-knitting.rs\\\/prodavnica\\\/metraza\\\/puplin-zirafa\\\/puplin-zirafa-copy\\\/#primaryimage\"},\"thumbnailUrl\":\"https:\\\/\\\/www.magic-knitting.rs\\\/wp-content\\\/uploads\\\/IMG_4341-scaled.jpeg\",\"datePublished\":\"2025-01-31T16:17:52+00:00\",\"dateModified\":\"2025-03-22T09:27:44+00:00\",\"breadcrumb\":{\"@id\":\"https:\\\/\\\/www.magic-knitting.rs\\\/prodavnica\\\/metraza\\\/puplin-zirafa\\\/puplin-zirafa-copy\\\/#breadcrumb\"},\"inLanguage\":\"en-GB\",\"potentialAction\":[{\"@type\":\"ReadAction\",\"target\":[\"https:\\\/\\\/www.magic-knitting.rs\\\/prodavnica\\\/metraza\\\/puplin-zirafa\\\/puplin-zirafa-copy\\\/\"]}]},{\"@type\":\"ImageObject\",\"inLanguage\":\"en-GB\",\"@id\":\"https:\\\/\\\/www.magic-knitting.rs\\\/prodavnica\\\/metraza\\\/puplin-zirafa\\\/puplin-zirafa-copy\\\/#primaryimage\",\"url\":\"https:\\\/\\\/www.magic-knitting.rs\\\/wp-content\\\/uploads\\\/IMG_4341-scaled.jpeg\",\"contentUrl\":\"https:\\\/\\\/www.magic-knitting.rs\\\/wp-content\\\/uploads\\\/IMG_4341-scaled.jpeg\",\"width\":1920,\"height\":2560},{\"@type\":\"BreadcrumbList\",\"@id\":\"https:\\\/\\\/www.magic-knitting.rs\\\/prodavnica\\\/metraza\\\/puplin-zirafa\\\/puplin-zirafa-copy\\\/#breadcrumb\",\"itemListElement\":[{\"@type\":\"ListItem\",\"position\":1,\"name\":\"Po\u010detna\",\"item\":\"https:\\\/\\\/www.magic-knitting.rs\\\/\"},{\"@type\":\"ListItem\",\"position\":2,\"name\":\"Prodavnica\",\"item\":\"https:\\\/\\\/www.magic-knitting.rs\\\/prodavnica\\\/\"},{\"@type\":\"ListItem\",\"position\":3,\"name\":\"Puplin \u017dirafa\"}]},{\"@type\":\"WebSite\",\"@id\":\"https:\\\/\\\/www.magic-knitting.rs\\\/#website\",\"url\":\"https:\\\/\\\/www.magic-knitting.rs\\\/\",\"name\":\"Magic Knitting\",\"description\":\"vune i prediva\",\"publisher\":{\"@id\":\"https:\\\/\\\/www.magic-knitting.rs\\\/#organization\"},\"potentialAction\":[{\"@type\":\"SearchAction\",\"target\":{\"@type\":\"EntryPoint\",\"urlTemplate\":\"https:\\\/\\\/www.magic-knitting.rs\\\/?s={search_term_string}\"},\"query-input\":{\"@type\":\"PropertyValueSpecification\",\"valueRequired\":true,\"valueName\":\"search_term_string\"}}],\"inLanguage\":\"en-GB\"},{\"@type\":\"Organization\",\"@id\":\"https:\\\/\\\/www.magic-knitting.rs\\\/#organization\",\"name\":\"Magic Knitting\",\"url\":\"https:\\\/\\\/www.magic-knitting.rs\\\/\",\"logo\":{\"@type\":\"ImageObject\",\"inLanguage\":\"en-GB\",\"@id\":\"https:\\\/\\\/www.magic-knitting.rs\\\/#\\\/schema\\\/logo\\\/image\\\/\",\"url\":\"https:\\\/\\\/www.magic-knitting.rs\\\/wp-content\\\/uploads\\\/knitting-magic-logo.svg\",\"contentUrl\":\"https:\\\/\\\/www.magic-knitting.rs\\\/wp-content\\\/uploads\\\/knitting-magic-logo.svg\",\"width\":350,\"height\":56,\"caption\":\"Magic Knitting\"},\"image\":{\"@id\":\"https:\\\/\\\/www.magic-knitting.rs\\\/#\\\/schema\\\/logo\\\/image\\\/\"},\"sameAs\":[\"https:\\\/\\\/www.instagram.com\\\/knitting.magic\\\/\"]}]}<\/script>\n<!-- \/ Yoast SEO plugin. -->","yoast_head_json":{"title":"Puplin \u017dirafa | Magic Knitting","robots":{"index":"index","follow":"follow","max-snippet":"max-snippet:-1","max-image-preview":"max-image-preview:large","max-video-preview":"max-video-preview:-1"},"canonical":"https:\/\/www.magic-knitting.rs\/en\/prodavnica\/metraza\/puplin-zirafa\/puplin-zirafa-copy\/","og_locale":"en_GB","og_type":"article","og_title":"Puplin \u017dirafa | Magic Knitting","og_description":"100% pamu\u010dna tkanina sa printom \u017eirafe u nijansama \u017eute, roze i zelene na ru\u017ei\u010dastoj pozadini. Zahvaljujuc\u0301i svom sastavu, izgledu i mekoc\u0301i, pamu\u010dna tkanina od poplina Poplin Giraffes, Katia Fabrics, savr\u0161ena je tkanina za \u0161ivenje dodataka, haljina ili bluza za celu porodicu. Sigurni smo da c\u0301ete u\u017eivati u svojim projektima \u0161ivanja sa ovim lepim puplinom! &nbsp; [&hellip;]","og_url":"https:\/\/www.magic-knitting.rs\/en\/prodavnica\/metraza\/puplin-zirafa\/puplin-zirafa-copy\/","og_site_name":"Magic Knitting","article_modified_time":"2025-03-22T09:27:44+00:00","og_image":[{"width":1920,"height":2560,"url":"https:\/\/www.magic-knitting.rs\/wp-content\/uploads\/IMG_4341-scaled.jpeg","type":"image\/jpeg"}],"twitter_card":"summary_large_image","twitter_misc":{"Estimated reading time":"1 minute"},"schema":{"@context":"https:\/\/schema.org","@graph":[{"@type":"WebPage","@id":"https:\/\/www.magic-knitting.rs\/prodavnica\/metraza\/puplin-zirafa\/puplin-zirafa-copy\/","url":"https:\/\/www.magic-knitting.rs\/prodavnica\/metraza\/puplin-zirafa\/puplin-zirafa-copy\/","name":"Puplin \u017dirafa | Magic Knitting","isPartOf":{"@id":"https:\/\/www.magic-knitting.rs\/#website"},"primaryImageOfPage":{"@id":"https:\/\/www.magic-knitting.rs\/prodavnica\/metraza\/puplin-zirafa\/puplin-zirafa-copy\/#primaryimage"},"image":{"@id":"https:\/\/www.magic-knitting.rs\/prodavnica\/metraza\/puplin-zirafa\/puplin-zirafa-copy\/#primaryimage"},"thumbnailUrl":"https:\/\/www.magic-knitting.rs\/wp-content\/uploads\/IMG_4341-scaled.jpeg","datePublished":"2025-01-31T16:17:52+00:00","dateModified":"2025-03-22T09:27:44+00:00","breadcrumb":{"@id":"https:\/\/www.magic-knitting.rs\/prodavnica\/metraza\/puplin-zirafa\/puplin-zirafa-copy\/#breadcrumb"},"inLanguage":"en-GB","potentialAction":[{"@type":"ReadAction","target":["https:\/\/www.magic-knitting.rs\/prodavnica\/metraza\/puplin-zirafa\/puplin-zirafa-copy\/"]}]},{"@type":"ImageObject","inLanguage":"en-GB","@id":"https:\/\/www.magic-knitting.rs\/prodavnica\/metraza\/puplin-zirafa\/puplin-zirafa-copy\/#primaryimage","url":"https:\/\/www.magic-knitting.rs\/wp-content\/uploads\/IMG_4341-scaled.jpeg","contentUrl":"https:\/\/www.magic-knitting.rs\/wp-content\/uploads\/IMG_4341-scaled.jpeg","width":1920,"height":2560},{"@type":"BreadcrumbList","@id":"https:\/\/www.magic-knitting.rs\/prodavnica\/metraza\/puplin-zirafa\/puplin-zirafa-copy\/#breadcrumb","itemListElement":[{"@type":"ListItem","position":1,"name":"Po\u010detna","item":"https:\/\/www.magic-knitting.rs\/"},{"@type":"ListItem","position":2,"name":"Prodavnica","item":"https:\/\/www.magic-knitting.rs\/prodavnica\/"},{"@type":"ListItem","position":3,"name":"Puplin \u017dirafa"}]},{"@type":"WebSite","@id":"https:\/\/www.magic-knitting.rs\/#website","url":"https:\/\/www.magic-knitting.rs\/","name":"Magic Knitting","description":"wool and yarn","publisher":{"@id":"https:\/\/www.magic-knitting.rs\/#organization"},"potentialAction":[{"@type":"SearchAction","target":{"@type":"EntryPoint","urlTemplate":"https:\/\/www.magic-knitting.rs\/?s={search_term_string}"},"query-input":{"@type":"PropertyValueSpecification","valueRequired":true,"valueName":"search_term_string"}}],"inLanguage":"en-GB"},{"@type":"Organization","@id":"https:\/\/www.magic-knitting.rs\/#organization","name":"Magic Knitting","url":"https:\/\/www.magic-knitting.rs\/","logo":{"@type":"ImageObject","inLanguage":"en-GB","@id":"https:\/\/www.magic-knitting.rs\/#\/schema\/logo\/image\/","url":"https:\/\/www.magic-knitting.rs\/wp-content\/uploads\/knitting-magic-logo.svg","contentUrl":"https:\/\/www.magic-knitting.rs\/wp-content\/uploads\/knitting-magic-logo.svg","width":350,"height":56,"caption":"Magic Knitting"},"image":{"@id":"https:\/\/www.magic-knitting.rs\/#\/schema\/logo\/image\/"},"sameAs":["https:\/\/www.instagram.com\/knitting.magic\/"]}]}},"_links":{"self":[{"href":"https:\/\/www.magic-knitting.rs\/en\/wp-json\/wp\/v2\/product\/4390","targetHints":{"allow":["GET"]}}],"collection":[{"href":"https:\/\/www.magic-knitting.rs\/en\/wp-json\/wp\/v2\/product"}],"about":[{"href":"https:\/\/www.magic-knitting.rs\/en\/wp-json\/wp\/v2\/types\/product"}],"wp:featuredmedia":[{"embeddable":true,"href":"https:\/\/www.magic-knitting.rs\/en\/wp-json\/wp\/v2\/media\/4511"}],"wp:attachment":[{"href":"https:\/\/www.magic-knitting.rs\/en\/wp-json\/wp\/v2\/media?parent=4390"}],"wp:term":[{"taxonomy":"product_brand","embeddable":true,"href":"https:\/\/www.magic-knitting.rs\/en\/wp-json\/wp\/v2\/product_brand?post=4390"},{"taxonomy":"product_cat","embeddable":true,"href":"https:\/\/www.magic-knitting.rs\/en\/wp-json\/wp\/v2\/product_cat?post=4390"},{"taxonomy":"product_tag","embeddable":true,"href":"https:\/\/www.magic-knitting.rs\/en\/wp-json\/wp\/v2\/product_tag?post=4390"}],"curies":[{"name":"wp","href":"https:\/\/api.w.org\/{rel}","templated":true}]}}