{"id":4387,"date":"2025-02-05T19:25:57","date_gmt":"2025-02-05T18:25:57","guid":{"rendered":"https:\/\/www.magic-knitting.rs\/?post_type=product&#038;p=4387"},"modified":"2025-02-17T19:20:39","modified_gmt":"2025-02-17T18:20:39","slug":"taddy-krzno-sa-printom","status":"publish","type":"product","link":"https:\/\/www.magic-knitting.rs\/en\/prodavnica\/metraza\/katia-metraza\/taddy-krzno-sa-printom\/","title":{"rendered":"Teddy Krzno sa printom"},"content":{"rendered":"<p>Tkanina sa efektom krzna sa kamufla\u017enim printom u plavim i zelenim tonovima, ova tkanina izgleda kao ov\u010dija vuna. Ovo je savr\u0161eno topla tkanina koja je mekana na dodir. Camouflage Sherpa Print jersey tkanina sa efektom krzna od Katia Fabrics je savr\u0161ena tkanina za zimsku odec\u0301u i dodatke, bilo kao podstava ili spoljna tkanina za kapute.<\/p>\n<p>&nbsp;<\/p>\n<p>-SUK igla za \u0161ivac\u0301u ma\u0161inu, sa loptastim krajem, pogodna za pletene tkanine, veli\u010dina: 90 -Isecite sve delove okrenute u istom smeru dremela da biste izbegli promene u povr\u0161inskom svetlu na tkanini. &#8211; Po\u017eeljno je da tkaninu \u0161ijete na pogre\u0161noj strani (sa desnim stranama tkanine okrenutim zajedno), a ne na stranu sa dremkom jer bi to moglo ote\u017eati prolazak tkanine ispod stopala ma\u0161ine i \u0161ivenje \u0161avova. -Ako vam ma\u0161ina za \u0161ivenje to dozvoljava, malo povec\u0301ajte pritisak na stopicu. -Ako imate overlock ma\u0161inu, koja je idealna za \u0161ivenje \u0161avova, podesite diferencijalni pomak dok tkanina ne prestane da se raste\u017ee tokom \u0161ivanja.<\/p>","protected":false},"excerpt":{"rendered":"<p>Tkanina sa efektom krzna sa kamufla\u017enim printom u plavim i zelenim tonovima, ova tkanina izgleda kao ov\u010dija vuna. Ovo je savr\u0161eno topla tkanina koja je mekana na dodir. Camouflage Sherpa Print jersey tkanina sa efektom krzna od Katia Fabrics je savr\u0161ena tkanina za zimsku odec\u0301u i dodatke, bilo kao podstava ili spoljna tkanina za kapute. [&hellip;]<\/p>\n","protected":false},"featured_media":4527,"template":"","meta":{"_acf_changed":false},"product_brand":[],"product_cat":[167,168,139,169],"product_tag":[],"class_list":{"0":"post-4387","1":"product","2":"type-product","3":"status-publish","4":"has-post-thumbnail","6":"product_cat-katia-metraza","7":"product_cat-katia-2","8":"product_cat-metraza","9":"product_cat-teddy-krzno-sa-printom","10":"product_shipping_class-postexpress","12":"first","13":"instock","14":"sale","15":"shipping-taxable","16":"purchasable","17":"product-type-simple"},"acf":[],"yoast_head":"<!-- This site is optimized with the Yoast SEO plugin v27.5 - https:\/\/yoast.com\/product\/yoast-seo-wordpress\/ -->\n<title>Teddy Krzno sa printom | Magic Knitting<\/title>\n<meta name=\"robots\" content=\"index, follow, max-snippet:-1, max-image-preview:large, max-video-preview:-1\" \/>\n<link rel=\"canonical\" href=\"https:\/\/www.magic-knitting.rs\/en\/prodavnica\/metraza\/katia-metraza\/taddy-krzno-sa-printom\/\" \/>\n<meta property=\"og:locale\" content=\"en_GB\" \/>\n<meta property=\"og:type\" content=\"article\" \/>\n<meta property=\"og:title\" content=\"Teddy Krzno sa printom | Magic Knitting\" \/>\n<meta property=\"og:description\" content=\"Tkanina sa efektom krzna sa kamufla\u017enim printom u plavim i zelenim tonovima, ova tkanina izgleda kao ov\u010dija vuna. Ovo je savr\u0161eno topla tkanina koja je mekana na dodir. Camouflage Sherpa Print jersey tkanina sa efektom krzna od Katia Fabrics je savr\u0161ena tkanina za zimsku odec\u0301u i dodatke, bilo kao podstava ili spoljna tkanina za kapute. [&hellip;]\" \/>\n<meta property=\"og:url\" content=\"https:\/\/www.magic-knitting.rs\/en\/prodavnica\/metraza\/katia-metraza\/taddy-krzno-sa-printom\/\" \/>\n<meta property=\"og:site_name\" content=\"Magic Knitting\" \/>\n<meta property=\"article:modified_time\" content=\"2025-02-17T18:20:39+00:00\" \/>\n<meta property=\"og:image\" content=\"https:\/\/www.magic-knitting.rs\/wp-content\/uploads\/unnamed-14-1-scaled.jpg\" \/>\n\t<meta property=\"og:image:width\" content=\"1920\" \/>\n\t<meta property=\"og:image:height\" content=\"2560\" \/>\n\t<meta property=\"og:image:type\" content=\"image\/jpeg\" \/>\n<meta name=\"twitter:card\" content=\"summary_large_image\" \/>\n<meta name=\"twitter:label1\" content=\"Estimated reading time\" \/>\n\t<meta name=\"twitter:data1\" content=\"2 minutes\" \/>\n<script type=\"application\/ld+json\" class=\"yoast-schema-graph\">{\"@context\":\"https:\\\/\\\/schema.org\",\"@graph\":[{\"@type\":\"WebPage\",\"@id\":\"https:\\\/\\\/www.magic-knitting.rs\\\/prodavnica\\\/metraza\\\/katia-metraza\\\/taddy-krzno-sa-printom\\\/\",\"url\":\"https:\\\/\\\/www.magic-knitting.rs\\\/prodavnica\\\/metraza\\\/katia-metraza\\\/taddy-krzno-sa-printom\\\/\",\"name\":\"Teddy Krzno sa printom | Magic Knitting\",\"isPartOf\":{\"@id\":\"https:\\\/\\\/www.magic-knitting.rs\\\/#website\"},\"primaryImageOfPage\":{\"@id\":\"https:\\\/\\\/www.magic-knitting.rs\\\/prodavnica\\\/metraza\\\/katia-metraza\\\/taddy-krzno-sa-printom\\\/#primaryimage\"},\"image\":{\"@id\":\"https:\\\/\\\/www.magic-knitting.rs\\\/prodavnica\\\/metraza\\\/katia-metraza\\\/taddy-krzno-sa-printom\\\/#primaryimage\"},\"thumbnailUrl\":\"https:\\\/\\\/www.magic-knitting.rs\\\/wp-content\\\/uploads\\\/unnamed-14-1-scaled.jpg\",\"datePublished\":\"2025-02-05T18:25:57+00:00\",\"dateModified\":\"2025-02-17T18:20:39+00:00\",\"breadcrumb\":{\"@id\":\"https:\\\/\\\/www.magic-knitting.rs\\\/prodavnica\\\/metraza\\\/katia-metraza\\\/taddy-krzno-sa-printom\\\/#breadcrumb\"},\"inLanguage\":\"en-GB\",\"potentialAction\":[{\"@type\":\"ReadAction\",\"target\":[\"https:\\\/\\\/www.magic-knitting.rs\\\/prodavnica\\\/metraza\\\/katia-metraza\\\/taddy-krzno-sa-printom\\\/\"]}]},{\"@type\":\"ImageObject\",\"inLanguage\":\"en-GB\",\"@id\":\"https:\\\/\\\/www.magic-knitting.rs\\\/prodavnica\\\/metraza\\\/katia-metraza\\\/taddy-krzno-sa-printom\\\/#primaryimage\",\"url\":\"https:\\\/\\\/www.magic-knitting.rs\\\/wp-content\\\/uploads\\\/unnamed-14-1-scaled.jpg\",\"contentUrl\":\"https:\\\/\\\/www.magic-knitting.rs\\\/wp-content\\\/uploads\\\/unnamed-14-1-scaled.jpg\",\"width\":1920,\"height\":2560},{\"@type\":\"BreadcrumbList\",\"@id\":\"https:\\\/\\\/www.magic-knitting.rs\\\/prodavnica\\\/metraza\\\/katia-metraza\\\/taddy-krzno-sa-printom\\\/#breadcrumb\",\"itemListElement\":[{\"@type\":\"ListItem\",\"position\":1,\"name\":\"Po\u010detna\",\"item\":\"https:\\\/\\\/www.magic-knitting.rs\\\/\"},{\"@type\":\"ListItem\",\"position\":2,\"name\":\"Prodavnica\",\"item\":\"https:\\\/\\\/www.magic-knitting.rs\\\/prodavnica\\\/\"},{\"@type\":\"ListItem\",\"position\":3,\"name\":\"Teddy Krzno sa printom\"}]},{\"@type\":\"WebSite\",\"@id\":\"https:\\\/\\\/www.magic-knitting.rs\\\/#website\",\"url\":\"https:\\\/\\\/www.magic-knitting.rs\\\/\",\"name\":\"Magic Knitting\",\"description\":\"vune i prediva\",\"publisher\":{\"@id\":\"https:\\\/\\\/www.magic-knitting.rs\\\/#organization\"},\"potentialAction\":[{\"@type\":\"SearchAction\",\"target\":{\"@type\":\"EntryPoint\",\"urlTemplate\":\"https:\\\/\\\/www.magic-knitting.rs\\\/?s={search_term_string}\"},\"query-input\":{\"@type\":\"PropertyValueSpecification\",\"valueRequired\":true,\"valueName\":\"search_term_string\"}}],\"inLanguage\":\"en-GB\"},{\"@type\":\"Organization\",\"@id\":\"https:\\\/\\\/www.magic-knitting.rs\\\/#organization\",\"name\":\"Magic Knitting\",\"url\":\"https:\\\/\\\/www.magic-knitting.rs\\\/\",\"logo\":{\"@type\":\"ImageObject\",\"inLanguage\":\"en-GB\",\"@id\":\"https:\\\/\\\/www.magic-knitting.rs\\\/#\\\/schema\\\/logo\\\/image\\\/\",\"url\":\"https:\\\/\\\/www.magic-knitting.rs\\\/wp-content\\\/uploads\\\/knitting-magic-logo.svg\",\"contentUrl\":\"https:\\\/\\\/www.magic-knitting.rs\\\/wp-content\\\/uploads\\\/knitting-magic-logo.svg\",\"width\":350,\"height\":56,\"caption\":\"Magic Knitting\"},\"image\":{\"@id\":\"https:\\\/\\\/www.magic-knitting.rs\\\/#\\\/schema\\\/logo\\\/image\\\/\"},\"sameAs\":[\"https:\\\/\\\/www.instagram.com\\\/knitting.magic\\\/\"]}]}<\/script>\n<!-- \/ Yoast SEO plugin. -->","yoast_head_json":{"title":"Teddy Krzno sa printom | Magic Knitting","robots":{"index":"index","follow":"follow","max-snippet":"max-snippet:-1","max-image-preview":"max-image-preview:large","max-video-preview":"max-video-preview:-1"},"canonical":"https:\/\/www.magic-knitting.rs\/en\/prodavnica\/metraza\/katia-metraza\/taddy-krzno-sa-printom\/","og_locale":"en_GB","og_type":"article","og_title":"Teddy Krzno sa printom | Magic Knitting","og_description":"Tkanina sa efektom krzna sa kamufla\u017enim printom u plavim i zelenim tonovima, ova tkanina izgleda kao ov\u010dija vuna. Ovo je savr\u0161eno topla tkanina koja je mekana na dodir. Camouflage Sherpa Print jersey tkanina sa efektom krzna od Katia Fabrics je savr\u0161ena tkanina za zimsku odec\u0301u i dodatke, bilo kao podstava ili spoljna tkanina za kapute. [&hellip;]","og_url":"https:\/\/www.magic-knitting.rs\/en\/prodavnica\/metraza\/katia-metraza\/taddy-krzno-sa-printom\/","og_site_name":"Magic Knitting","article_modified_time":"2025-02-17T18:20:39+00:00","og_image":[{"width":1920,"height":2560,"url":"https:\/\/www.magic-knitting.rs\/wp-content\/uploads\/unnamed-14-1-scaled.jpg","type":"image\/jpeg"}],"twitter_card":"summary_large_image","twitter_misc":{"Estimated reading time":"2 minutes"},"schema":{"@context":"https:\/\/schema.org","@graph":[{"@type":"WebPage","@id":"https:\/\/www.magic-knitting.rs\/prodavnica\/metraza\/katia-metraza\/taddy-krzno-sa-printom\/","url":"https:\/\/www.magic-knitting.rs\/prodavnica\/metraza\/katia-metraza\/taddy-krzno-sa-printom\/","name":"Teddy Krzno sa printom | Magic Knitting","isPartOf":{"@id":"https:\/\/www.magic-knitting.rs\/#website"},"primaryImageOfPage":{"@id":"https:\/\/www.magic-knitting.rs\/prodavnica\/metraza\/katia-metraza\/taddy-krzno-sa-printom\/#primaryimage"},"image":{"@id":"https:\/\/www.magic-knitting.rs\/prodavnica\/metraza\/katia-metraza\/taddy-krzno-sa-printom\/#primaryimage"},"thumbnailUrl":"https:\/\/www.magic-knitting.rs\/wp-content\/uploads\/unnamed-14-1-scaled.jpg","datePublished":"2025-02-05T18:25:57+00:00","dateModified":"2025-02-17T18:20:39+00:00","breadcrumb":{"@id":"https:\/\/www.magic-knitting.rs\/prodavnica\/metraza\/katia-metraza\/taddy-krzno-sa-printom\/#breadcrumb"},"inLanguage":"en-GB","potentialAction":[{"@type":"ReadAction","target":["https:\/\/www.magic-knitting.rs\/prodavnica\/metraza\/katia-metraza\/taddy-krzno-sa-printom\/"]}]},{"@type":"ImageObject","inLanguage":"en-GB","@id":"https:\/\/www.magic-knitting.rs\/prodavnica\/metraza\/katia-metraza\/taddy-krzno-sa-printom\/#primaryimage","url":"https:\/\/www.magic-knitting.rs\/wp-content\/uploads\/unnamed-14-1-scaled.jpg","contentUrl":"https:\/\/www.magic-knitting.rs\/wp-content\/uploads\/unnamed-14-1-scaled.jpg","width":1920,"height":2560},{"@type":"BreadcrumbList","@id":"https:\/\/www.magic-knitting.rs\/prodavnica\/metraza\/katia-metraza\/taddy-krzno-sa-printom\/#breadcrumb","itemListElement":[{"@type":"ListItem","position":1,"name":"Po\u010detna","item":"https:\/\/www.magic-knitting.rs\/"},{"@type":"ListItem","position":2,"name":"Prodavnica","item":"https:\/\/www.magic-knitting.rs\/prodavnica\/"},{"@type":"ListItem","position":3,"name":"Teddy Krzno sa printom"}]},{"@type":"WebSite","@id":"https:\/\/www.magic-knitting.rs\/#website","url":"https:\/\/www.magic-knitting.rs\/","name":"Magic Knitting","description":"wool and yarn","publisher":{"@id":"https:\/\/www.magic-knitting.rs\/#organization"},"potentialAction":[{"@type":"SearchAction","target":{"@type":"EntryPoint","urlTemplate":"https:\/\/www.magic-knitting.rs\/?s={search_term_string}"},"query-input":{"@type":"PropertyValueSpecification","valueRequired":true,"valueName":"search_term_string"}}],"inLanguage":"en-GB"},{"@type":"Organization","@id":"https:\/\/www.magic-knitting.rs\/#organization","name":"Magic Knitting","url":"https:\/\/www.magic-knitting.rs\/","logo":{"@type":"ImageObject","inLanguage":"en-GB","@id":"https:\/\/www.magic-knitting.rs\/#\/schema\/logo\/image\/","url":"https:\/\/www.magic-knitting.rs\/wp-content\/uploads\/knitting-magic-logo.svg","contentUrl":"https:\/\/www.magic-knitting.rs\/wp-content\/uploads\/knitting-magic-logo.svg","width":350,"height":56,"caption":"Magic Knitting"},"image":{"@id":"https:\/\/www.magic-knitting.rs\/#\/schema\/logo\/image\/"},"sameAs":["https:\/\/www.instagram.com\/knitting.magic\/"]}]}},"_links":{"self":[{"href":"https:\/\/www.magic-knitting.rs\/en\/wp-json\/wp\/v2\/product\/4387","targetHints":{"allow":["GET"]}}],"collection":[{"href":"https:\/\/www.magic-knitting.rs\/en\/wp-json\/wp\/v2\/product"}],"about":[{"href":"https:\/\/www.magic-knitting.rs\/en\/wp-json\/wp\/v2\/types\/product"}],"wp:featuredmedia":[{"embeddable":true,"href":"https:\/\/www.magic-knitting.rs\/en\/wp-json\/wp\/v2\/media\/4527"}],"wp:attachment":[{"href":"https:\/\/www.magic-knitting.rs\/en\/wp-json\/wp\/v2\/media?parent=4387"}],"wp:term":[{"taxonomy":"product_brand","embeddable":true,"href":"https:\/\/www.magic-knitting.rs\/en\/wp-json\/wp\/v2\/product_brand?post=4387"},{"taxonomy":"product_cat","embeddable":true,"href":"https:\/\/www.magic-knitting.rs\/en\/wp-json\/wp\/v2\/product_cat?post=4387"},{"taxonomy":"product_tag","embeddable":true,"href":"https:\/\/www.magic-knitting.rs\/en\/wp-json\/wp\/v2\/product_tag?post=4387"}],"curies":[{"name":"wp","href":"https:\/\/api.w.org\/{rel}","templated":true}]}}