{"id":4377,"date":"2025-02-04T20:45:59","date_gmt":"2025-02-04T19:45:59","guid":{"rendered":"https:\/\/www.magic-knitting.rs\/?post_type=product&#038;p=4377"},"modified":"2025-10-06T12:59:00","modified_gmt":"2025-10-06T10:59:00","slug":"zersej-zimski-zagrlaj","status":"publish","type":"product","link":"https:\/\/www.magic-knitting.rs\/en\/prodavnica\/metraza\/zersej-dancing-bear\/zersej-zimski-zagrljaj\/zersej-zimski-zagrlaj\/","title":{"rendered":"\u017dersej Zimski Zagrljaj"},"content":{"rendered":"<p>Ova Artic Hugs T-shirt Jersei tkanina je pamu\u010dna tkanina od \u017eerseja sa 5% elastina za vec\u0301u udobnost i fleksibilnost. Ova tkanina od Katia Fabrics ima ovaj veseli zimski print sa fokama, pingvinima i polarnim medvedima na svetlosivoj pozadini. Od ove tkanine mo\u017eete da sa\u0161ite originalne majice, helanke ili udobne haljine za najmla\u0111e u porodici.<\/p>\n<p>&nbsp;<\/p>\n<p>-D\u017eersi igla, SUK hemijska\/debljina: 70\/80<br \/>\n-\u0160ijte sa niskim zatezanjem u gornji konac \u0161ivac\u0301e ma\u0161ine i malim ubodom tako da, kada povu\u010dete \u0161avove, bod se ne pokida. &#8212;Izbegavajte povla\u010denje tkanine prilikom \u0161ivanja kako se \u0161avovi ne bi istezali.<br \/>\n-Ako imate overlock ma\u0161inu, idealnu za sve vrste \u0161avova, podesite diferencijalni pomak dok ne vidite da se tkanina ne vu\u010de.<br \/>\n-Porub sa dvostrukom iglom za dres.<br \/>\n-Oparite ili operite pre se\u010denja i \u0161ivanja.<br \/>\n-Uvek peglajte svetlucave \u0161are od JERSEI GOLD-a na pole\u0111ini tkanine.<\/p>","protected":false},"excerpt":{"rendered":"<p>Sastav: 95% pamuk 5% eleastin<\/p>\n<p>Grama\u017ea: 210gr\/mt2<\/p>\n<p>Metra\u017ea: 140cm<\/p>\n<p>Odr\u017eavanje: Ma\u0161insko pranje na 30.stepeni<\/p>","protected":false},"featured_media":4476,"template":"","meta":{"_acf_changed":false},"product_brand":[],"product_cat":[167,139,164],"product_tag":[],"class_list":{"0":"post-4377","1":"product","2":"type-product","3":"status-publish","4":"has-post-thumbnail","6":"product_cat-katia-metraza","7":"product_cat-metraza","8":"product_cat-zersej-zimski-zagrljaj","9":"product_shipping_class-postexpress","11":"first","12":"instock","13":"sale","14":"shipping-taxable","15":"purchasable","16":"product-type-simple"},"acf":[],"yoast_head":"<!-- This site is optimized with the Yoast SEO plugin v27.4 - https:\/\/yoast.com\/product\/yoast-seo-wordpress\/ -->\n<title>\u017dersej Zimski Zagrljaj | Magic Knitting<\/title>\n<meta name=\"robots\" content=\"index, follow, max-snippet:-1, max-image-preview:large, max-video-preview:-1\" \/>\n<link rel=\"canonical\" href=\"https:\/\/www.magic-knitting.rs\/en\/prodavnica\/metraza\/zersej-dancing-bear\/zersej-zimski-zagrljaj\/zersej-zimski-zagrlaj\/\" \/>\n<meta property=\"og:locale\" content=\"en_GB\" \/>\n<meta property=\"og:type\" content=\"article\" \/>\n<meta property=\"og:title\" content=\"\u017dersej Zimski Zagrljaj | Magic Knitting\" \/>\n<meta property=\"og:description\" content=\"Sastav: 95% pamuk 5% eleastin  Grama\u017ea: 210gr\/mt2  Metra\u017ea: 140cm  Odr\u017eavanje: Ma\u0161insko pranje na 30.stepeni\" \/>\n<meta property=\"og:url\" content=\"https:\/\/www.magic-knitting.rs\/en\/prodavnica\/metraza\/zersej-dancing-bear\/zersej-zimski-zagrljaj\/zersej-zimski-zagrlaj\/\" \/>\n<meta property=\"og:site_name\" content=\"Magic Knitting\" \/>\n<meta property=\"article:modified_time\" content=\"2025-10-06T10:59:00+00:00\" \/>\n<meta property=\"og:image\" content=\"https:\/\/www.magic-knitting.rs\/wp-content\/uploads\/IMG_4296-scaled.jpeg\" \/>\n\t<meta property=\"og:image:width\" content=\"2560\" \/>\n\t<meta property=\"og:image:height\" content=\"2560\" \/>\n\t<meta property=\"og:image:type\" content=\"image\/jpeg\" \/>\n<meta name=\"twitter:card\" content=\"summary_large_image\" \/>\n<meta name=\"twitter:label1\" content=\"Estimated reading time\" \/>\n\t<meta name=\"twitter:data1\" content=\"1 minute\" \/>\n<script type=\"application\/ld+json\" class=\"yoast-schema-graph\">{\"@context\":\"https:\\\/\\\/schema.org\",\"@graph\":[{\"@type\":\"WebPage\",\"@id\":\"https:\\\/\\\/www.magic-knitting.rs\\\/prodavnica\\\/metraza\\\/zersej-dancing-bear\\\/zersej-zimski-zagrljaj\\\/zersej-zimski-zagrlaj\\\/\",\"url\":\"https:\\\/\\\/www.magic-knitting.rs\\\/prodavnica\\\/metraza\\\/zersej-dancing-bear\\\/zersej-zimski-zagrljaj\\\/zersej-zimski-zagrlaj\\\/\",\"name\":\"\u017dersej Zimski Zagrljaj | Magic Knitting\",\"isPartOf\":{\"@id\":\"https:\\\/\\\/www.magic-knitting.rs\\\/#website\"},\"primaryImageOfPage\":{\"@id\":\"https:\\\/\\\/www.magic-knitting.rs\\\/prodavnica\\\/metraza\\\/zersej-dancing-bear\\\/zersej-zimski-zagrljaj\\\/zersej-zimski-zagrlaj\\\/#primaryimage\"},\"image\":{\"@id\":\"https:\\\/\\\/www.magic-knitting.rs\\\/prodavnica\\\/metraza\\\/zersej-dancing-bear\\\/zersej-zimski-zagrljaj\\\/zersej-zimski-zagrlaj\\\/#primaryimage\"},\"thumbnailUrl\":\"https:\\\/\\\/www.magic-knitting.rs\\\/wp-content\\\/uploads\\\/IMG_4296-scaled.jpeg\",\"datePublished\":\"2025-02-04T19:45:59+00:00\",\"dateModified\":\"2025-10-06T10:59:00+00:00\",\"breadcrumb\":{\"@id\":\"https:\\\/\\\/www.magic-knitting.rs\\\/prodavnica\\\/metraza\\\/zersej-dancing-bear\\\/zersej-zimski-zagrljaj\\\/zersej-zimski-zagrlaj\\\/#breadcrumb\"},\"inLanguage\":\"en-GB\",\"potentialAction\":[{\"@type\":\"ReadAction\",\"target\":[\"https:\\\/\\\/www.magic-knitting.rs\\\/prodavnica\\\/metraza\\\/zersej-dancing-bear\\\/zersej-zimski-zagrljaj\\\/zersej-zimski-zagrlaj\\\/\"]}]},{\"@type\":\"ImageObject\",\"inLanguage\":\"en-GB\",\"@id\":\"https:\\\/\\\/www.magic-knitting.rs\\\/prodavnica\\\/metraza\\\/zersej-dancing-bear\\\/zersej-zimski-zagrljaj\\\/zersej-zimski-zagrlaj\\\/#primaryimage\",\"url\":\"https:\\\/\\\/www.magic-knitting.rs\\\/wp-content\\\/uploads\\\/IMG_4296-scaled.jpeg\",\"contentUrl\":\"https:\\\/\\\/www.magic-knitting.rs\\\/wp-content\\\/uploads\\\/IMG_4296-scaled.jpeg\",\"width\":2560,\"height\":2560},{\"@type\":\"BreadcrumbList\",\"@id\":\"https:\\\/\\\/www.magic-knitting.rs\\\/prodavnica\\\/metraza\\\/zersej-dancing-bear\\\/zersej-zimski-zagrljaj\\\/zersej-zimski-zagrlaj\\\/#breadcrumb\",\"itemListElement\":[{\"@type\":\"ListItem\",\"position\":1,\"name\":\"Po\u010detna\",\"item\":\"https:\\\/\\\/www.magic-knitting.rs\\\/\"},{\"@type\":\"ListItem\",\"position\":2,\"name\":\"Prodavnica\",\"item\":\"https:\\\/\\\/www.magic-knitting.rs\\\/prodavnica\\\/\"},{\"@type\":\"ListItem\",\"position\":3,\"name\":\"\u017dersej Zimski Zagrljaj\"}]},{\"@type\":\"WebSite\",\"@id\":\"https:\\\/\\\/www.magic-knitting.rs\\\/#website\",\"url\":\"https:\\\/\\\/www.magic-knitting.rs\\\/\",\"name\":\"Magic Knitting\",\"description\":\"vune i prediva\",\"publisher\":{\"@id\":\"https:\\\/\\\/www.magic-knitting.rs\\\/#organization\"},\"potentialAction\":[{\"@type\":\"SearchAction\",\"target\":{\"@type\":\"EntryPoint\",\"urlTemplate\":\"https:\\\/\\\/www.magic-knitting.rs\\\/?s={search_term_string}\"},\"query-input\":{\"@type\":\"PropertyValueSpecification\",\"valueRequired\":true,\"valueName\":\"search_term_string\"}}],\"inLanguage\":\"en-GB\"},{\"@type\":\"Organization\",\"@id\":\"https:\\\/\\\/www.magic-knitting.rs\\\/#organization\",\"name\":\"Magic Knitting\",\"url\":\"https:\\\/\\\/www.magic-knitting.rs\\\/\",\"logo\":{\"@type\":\"ImageObject\",\"inLanguage\":\"en-GB\",\"@id\":\"https:\\\/\\\/www.magic-knitting.rs\\\/#\\\/schema\\\/logo\\\/image\\\/\",\"url\":\"https:\\\/\\\/www.magic-knitting.rs\\\/wp-content\\\/uploads\\\/knitting-magic-logo.svg\",\"contentUrl\":\"https:\\\/\\\/www.magic-knitting.rs\\\/wp-content\\\/uploads\\\/knitting-magic-logo.svg\",\"width\":350,\"height\":56,\"caption\":\"Magic Knitting\"},\"image\":{\"@id\":\"https:\\\/\\\/www.magic-knitting.rs\\\/#\\\/schema\\\/logo\\\/image\\\/\"},\"sameAs\":[\"https:\\\/\\\/www.instagram.com\\\/knitting.magic\\\/\"]}]}<\/script>\n<!-- \/ Yoast SEO plugin. -->","yoast_head_json":{"title":"\u017dersej Zimski Zagrljaj | Magic Knitting","robots":{"index":"index","follow":"follow","max-snippet":"max-snippet:-1","max-image-preview":"max-image-preview:large","max-video-preview":"max-video-preview:-1"},"canonical":"https:\/\/www.magic-knitting.rs\/en\/prodavnica\/metraza\/zersej-dancing-bear\/zersej-zimski-zagrljaj\/zersej-zimski-zagrlaj\/","og_locale":"en_GB","og_type":"article","og_title":"\u017dersej Zimski Zagrljaj | Magic Knitting","og_description":"Sastav: 95% pamuk 5% eleastin  Grama\u017ea: 210gr\/mt2  Metra\u017ea: 140cm  Odr\u017eavanje: Ma\u0161insko pranje na 30.stepeni","og_url":"https:\/\/www.magic-knitting.rs\/en\/prodavnica\/metraza\/zersej-dancing-bear\/zersej-zimski-zagrljaj\/zersej-zimski-zagrlaj\/","og_site_name":"Magic Knitting","article_modified_time":"2025-10-06T10:59:00+00:00","og_image":[{"width":2560,"height":2560,"url":"https:\/\/www.magic-knitting.rs\/wp-content\/uploads\/IMG_4296-scaled.jpeg","type":"image\/jpeg"}],"twitter_card":"summary_large_image","twitter_misc":{"Estimated reading time":"1 minute"},"schema":{"@context":"https:\/\/schema.org","@graph":[{"@type":"WebPage","@id":"https:\/\/www.magic-knitting.rs\/prodavnica\/metraza\/zersej-dancing-bear\/zersej-zimski-zagrljaj\/zersej-zimski-zagrlaj\/","url":"https:\/\/www.magic-knitting.rs\/prodavnica\/metraza\/zersej-dancing-bear\/zersej-zimski-zagrljaj\/zersej-zimski-zagrlaj\/","name":"\u017dersej Zimski Zagrljaj | Magic Knitting","isPartOf":{"@id":"https:\/\/www.magic-knitting.rs\/#website"},"primaryImageOfPage":{"@id":"https:\/\/www.magic-knitting.rs\/prodavnica\/metraza\/zersej-dancing-bear\/zersej-zimski-zagrljaj\/zersej-zimski-zagrlaj\/#primaryimage"},"image":{"@id":"https:\/\/www.magic-knitting.rs\/prodavnica\/metraza\/zersej-dancing-bear\/zersej-zimski-zagrljaj\/zersej-zimski-zagrlaj\/#primaryimage"},"thumbnailUrl":"https:\/\/www.magic-knitting.rs\/wp-content\/uploads\/IMG_4296-scaled.jpeg","datePublished":"2025-02-04T19:45:59+00:00","dateModified":"2025-10-06T10:59:00+00:00","breadcrumb":{"@id":"https:\/\/www.magic-knitting.rs\/prodavnica\/metraza\/zersej-dancing-bear\/zersej-zimski-zagrljaj\/zersej-zimski-zagrlaj\/#breadcrumb"},"inLanguage":"en-GB","potentialAction":[{"@type":"ReadAction","target":["https:\/\/www.magic-knitting.rs\/prodavnica\/metraza\/zersej-dancing-bear\/zersej-zimski-zagrljaj\/zersej-zimski-zagrlaj\/"]}]},{"@type":"ImageObject","inLanguage":"en-GB","@id":"https:\/\/www.magic-knitting.rs\/prodavnica\/metraza\/zersej-dancing-bear\/zersej-zimski-zagrljaj\/zersej-zimski-zagrlaj\/#primaryimage","url":"https:\/\/www.magic-knitting.rs\/wp-content\/uploads\/IMG_4296-scaled.jpeg","contentUrl":"https:\/\/www.magic-knitting.rs\/wp-content\/uploads\/IMG_4296-scaled.jpeg","width":2560,"height":2560},{"@type":"BreadcrumbList","@id":"https:\/\/www.magic-knitting.rs\/prodavnica\/metraza\/zersej-dancing-bear\/zersej-zimski-zagrljaj\/zersej-zimski-zagrlaj\/#breadcrumb","itemListElement":[{"@type":"ListItem","position":1,"name":"Po\u010detna","item":"https:\/\/www.magic-knitting.rs\/"},{"@type":"ListItem","position":2,"name":"Prodavnica","item":"https:\/\/www.magic-knitting.rs\/prodavnica\/"},{"@type":"ListItem","position":3,"name":"\u017dersej Zimski Zagrljaj"}]},{"@type":"WebSite","@id":"https:\/\/www.magic-knitting.rs\/#website","url":"https:\/\/www.magic-knitting.rs\/","name":"Magic Knitting","description":"wool and yarn","publisher":{"@id":"https:\/\/www.magic-knitting.rs\/#organization"},"potentialAction":[{"@type":"SearchAction","target":{"@type":"EntryPoint","urlTemplate":"https:\/\/www.magic-knitting.rs\/?s={search_term_string}"},"query-input":{"@type":"PropertyValueSpecification","valueRequired":true,"valueName":"search_term_string"}}],"inLanguage":"en-GB"},{"@type":"Organization","@id":"https:\/\/www.magic-knitting.rs\/#organization","name":"Magic Knitting","url":"https:\/\/www.magic-knitting.rs\/","logo":{"@type":"ImageObject","inLanguage":"en-GB","@id":"https:\/\/www.magic-knitting.rs\/#\/schema\/logo\/image\/","url":"https:\/\/www.magic-knitting.rs\/wp-content\/uploads\/knitting-magic-logo.svg","contentUrl":"https:\/\/www.magic-knitting.rs\/wp-content\/uploads\/knitting-magic-logo.svg","width":350,"height":56,"caption":"Magic Knitting"},"image":{"@id":"https:\/\/www.magic-knitting.rs\/#\/schema\/logo\/image\/"},"sameAs":["https:\/\/www.instagram.com\/knitting.magic\/"]}]}},"_links":{"self":[{"href":"https:\/\/www.magic-knitting.rs\/en\/wp-json\/wp\/v2\/product\/4377","targetHints":{"allow":["GET"]}}],"collection":[{"href":"https:\/\/www.magic-knitting.rs\/en\/wp-json\/wp\/v2\/product"}],"about":[{"href":"https:\/\/www.magic-knitting.rs\/en\/wp-json\/wp\/v2\/types\/product"}],"wp:featuredmedia":[{"embeddable":true,"href":"https:\/\/www.magic-knitting.rs\/en\/wp-json\/wp\/v2\/media\/4476"}],"wp:attachment":[{"href":"https:\/\/www.magic-knitting.rs\/en\/wp-json\/wp\/v2\/media?parent=4377"}],"wp:term":[{"taxonomy":"product_brand","embeddable":true,"href":"https:\/\/www.magic-knitting.rs\/en\/wp-json\/wp\/v2\/product_brand?post=4377"},{"taxonomy":"product_cat","embeddable":true,"href":"https:\/\/www.magic-knitting.rs\/en\/wp-json\/wp\/v2\/product_cat?post=4377"},{"taxonomy":"product_tag","embeddable":true,"href":"https:\/\/www.magic-knitting.rs\/en\/wp-json\/wp\/v2\/product_tag?post=4377"}],"curies":[{"name":"wp","href":"https:\/\/api.w.org\/{rel}","templated":true}]}}