{"id":4369,"date":"2025-02-05T19:38:45","date_gmt":"2025-02-05T18:38:45","guid":{"rendered":"https:\/\/www.magic-knitting.rs\/?post_type=product&#038;p=4369"},"modified":"2025-10-06T12:59:00","modified_gmt":"2025-10-06T10:59:00","slug":"zersej-transport-i-gradjevinarstvo","status":"publish","type":"product","link":"https:\/\/www.magic-knitting.rs\/en\/prodavnica\/metraza\/katia-metraza\/zersej-transport-i-gradjevinarstvo\/","title":{"rendered":"\u017dersej Transport I Gra\u0111evinarstvo"},"content":{"rendered":"<p>Zabavna pamu\u010dna tkanina sa ilustracijama kamiona, malih aviona, kombija i svih vrsta automobila na pastelno \u017eutoj pozadini. Izuzetan otisak za izradu odec\u0301e za va\u0161e mali\u0161ane.<\/p>\n<p>&nbsp;<\/p>\n<p>D\u017eersi igla, SUK hemijska\/debljina: 70\/80<br \/>\n-\u0160ijte sa niskim zatezanjem u gornji konac \u0161ivac\u0301e ma\u0161ine i malim ubodom tako da, kada povu\u010dete \u0161avove, bod se ne pokida. Izbegavajte povla\u010denje tkanine prilikom \u0161ivanja kako se \u0161avovi ne bi istezali.<br \/>\n-Ako imate overlock ma\u0161inu, idealnu za sve vrste \u0161avova, podesite diferencijalni pomak dok ne vidite da se tkanina ne vu\u010de.<br \/>\n-Porub sa dvostrukom iglom za dres.<br \/>\n-Operite pre se\u010denja i \u0161ivanja.<br \/>\n-Uvek peglajte svetlucave \u0161are od JERSEI GOLD-a na pole\u0111ini tkanine.<\/p>","protected":false},"excerpt":{"rendered":"<p>Sastav: 95% pamuk 5% eleastin<\/p>\n<p>Grama\u017ea: 120gr\/mt2<\/p>\n<p>Matra\u017ea: 145m &#8211; 150m<\/p>\n<p>Ma\u0161insko pranje na 30. stepeni<\/p>\n<p>&nbsp;<\/p>","protected":false},"featured_media":4522,"template":"","meta":{"_acf_changed":false},"product_brand":[],"product_cat":[167,139,172],"product_tag":[],"class_list":{"0":"post-4369","1":"product","2":"type-product","3":"status-publish","4":"has-post-thumbnail","6":"product_cat-katia-metraza","7":"product_cat-metraza","8":"product_cat-zersej-transport-i-gradjevinarstvo","9":"product_shipping_class-postexpress","11":"first","12":"instock","13":"sale","14":"shipping-taxable","15":"purchasable","16":"product-type-simple"},"acf":[],"yoast_head":"<!-- This site is optimized with the Yoast SEO plugin v27.5 - https:\/\/yoast.com\/product\/yoast-seo-wordpress\/ -->\n<title>\u017dersej Transport I Gra\u0111evinarstvo | Magic Knitting<\/title>\n<meta name=\"robots\" content=\"index, follow, max-snippet:-1, max-image-preview:large, max-video-preview:-1\" \/>\n<link rel=\"canonical\" href=\"https:\/\/www.magic-knitting.rs\/en\/prodavnica\/metraza\/katia-metraza\/zersej-transport-i-gradjevinarstvo\/\" \/>\n<meta property=\"og:locale\" content=\"en_GB\" \/>\n<meta property=\"og:type\" content=\"article\" \/>\n<meta property=\"og:title\" content=\"\u017dersej Transport I Gra\u0111evinarstvo | Magic Knitting\" \/>\n<meta property=\"og:description\" content=\"Sastav: 95% pamuk 5% eleastin  Grama\u017ea: 120gr\/mt2  Matra\u017ea: 145m - 150m  Ma\u0161insko pranje na 30. stepeni  &nbsp;\" \/>\n<meta property=\"og:url\" content=\"https:\/\/www.magic-knitting.rs\/en\/prodavnica\/metraza\/katia-metraza\/zersej-transport-i-gradjevinarstvo\/\" \/>\n<meta property=\"og:site_name\" content=\"Magic Knitting\" \/>\n<meta property=\"article:modified_time\" content=\"2025-10-06T10:59:00+00:00\" \/>\n<meta property=\"og:image\" content=\"https:\/\/www.magic-knitting.rs\/wp-content\/uploads\/IMG_4336-1-1-scaled.jpeg\" \/>\n\t<meta property=\"og:image:width\" content=\"1920\" \/>\n\t<meta property=\"og:image:height\" content=\"2560\" \/>\n\t<meta property=\"og:image:type\" content=\"image\/jpeg\" \/>\n<meta name=\"twitter:card\" content=\"summary_large_image\" \/>\n<meta name=\"twitter:label1\" content=\"Estimated reading time\" \/>\n\t<meta name=\"twitter:data1\" content=\"1 minute\" \/>\n<script type=\"application\/ld+json\" class=\"yoast-schema-graph\">{\"@context\":\"https:\\\/\\\/schema.org\",\"@graph\":[{\"@type\":\"WebPage\",\"@id\":\"https:\\\/\\\/www.magic-knitting.rs\\\/prodavnica\\\/metraza\\\/katia-metraza\\\/zersej-transport-i-gradjevinarstvo\\\/\",\"url\":\"https:\\\/\\\/www.magic-knitting.rs\\\/prodavnica\\\/metraza\\\/katia-metraza\\\/zersej-transport-i-gradjevinarstvo\\\/\",\"name\":\"\u017dersej Transport I Gra\u0111evinarstvo | Magic Knitting\",\"isPartOf\":{\"@id\":\"https:\\\/\\\/www.magic-knitting.rs\\\/#website\"},\"primaryImageOfPage\":{\"@id\":\"https:\\\/\\\/www.magic-knitting.rs\\\/prodavnica\\\/metraza\\\/katia-metraza\\\/zersej-transport-i-gradjevinarstvo\\\/#primaryimage\"},\"image\":{\"@id\":\"https:\\\/\\\/www.magic-knitting.rs\\\/prodavnica\\\/metraza\\\/katia-metraza\\\/zersej-transport-i-gradjevinarstvo\\\/#primaryimage\"},\"thumbnailUrl\":\"https:\\\/\\\/www.magic-knitting.rs\\\/wp-content\\\/uploads\\\/IMG_4336-1-1-scaled.jpeg\",\"datePublished\":\"2025-02-05T18:38:45+00:00\",\"dateModified\":\"2025-10-06T10:59:00+00:00\",\"breadcrumb\":{\"@id\":\"https:\\\/\\\/www.magic-knitting.rs\\\/prodavnica\\\/metraza\\\/katia-metraza\\\/zersej-transport-i-gradjevinarstvo\\\/#breadcrumb\"},\"inLanguage\":\"en-GB\",\"potentialAction\":[{\"@type\":\"ReadAction\",\"target\":[\"https:\\\/\\\/www.magic-knitting.rs\\\/prodavnica\\\/metraza\\\/katia-metraza\\\/zersej-transport-i-gradjevinarstvo\\\/\"]}]},{\"@type\":\"ImageObject\",\"inLanguage\":\"en-GB\",\"@id\":\"https:\\\/\\\/www.magic-knitting.rs\\\/prodavnica\\\/metraza\\\/katia-metraza\\\/zersej-transport-i-gradjevinarstvo\\\/#primaryimage\",\"url\":\"https:\\\/\\\/www.magic-knitting.rs\\\/wp-content\\\/uploads\\\/IMG_4336-1-1-scaled.jpeg\",\"contentUrl\":\"https:\\\/\\\/www.magic-knitting.rs\\\/wp-content\\\/uploads\\\/IMG_4336-1-1-scaled.jpeg\",\"width\":1920,\"height\":2560},{\"@type\":\"BreadcrumbList\",\"@id\":\"https:\\\/\\\/www.magic-knitting.rs\\\/prodavnica\\\/metraza\\\/katia-metraza\\\/zersej-transport-i-gradjevinarstvo\\\/#breadcrumb\",\"itemListElement\":[{\"@type\":\"ListItem\",\"position\":1,\"name\":\"Po\u010detna\",\"item\":\"https:\\\/\\\/www.magic-knitting.rs\\\/\"},{\"@type\":\"ListItem\",\"position\":2,\"name\":\"Prodavnica\",\"item\":\"https:\\\/\\\/www.magic-knitting.rs\\\/prodavnica\\\/\"},{\"@type\":\"ListItem\",\"position\":3,\"name\":\"\u017dersej Transport I Gra\u0111evinarstvo\"}]},{\"@type\":\"WebSite\",\"@id\":\"https:\\\/\\\/www.magic-knitting.rs\\\/#website\",\"url\":\"https:\\\/\\\/www.magic-knitting.rs\\\/\",\"name\":\"Magic Knitting\",\"description\":\"vune i prediva\",\"publisher\":{\"@id\":\"https:\\\/\\\/www.magic-knitting.rs\\\/#organization\"},\"potentialAction\":[{\"@type\":\"SearchAction\",\"target\":{\"@type\":\"EntryPoint\",\"urlTemplate\":\"https:\\\/\\\/www.magic-knitting.rs\\\/?s={search_term_string}\"},\"query-input\":{\"@type\":\"PropertyValueSpecification\",\"valueRequired\":true,\"valueName\":\"search_term_string\"}}],\"inLanguage\":\"en-GB\"},{\"@type\":\"Organization\",\"@id\":\"https:\\\/\\\/www.magic-knitting.rs\\\/#organization\",\"name\":\"Magic Knitting\",\"url\":\"https:\\\/\\\/www.magic-knitting.rs\\\/\",\"logo\":{\"@type\":\"ImageObject\",\"inLanguage\":\"en-GB\",\"@id\":\"https:\\\/\\\/www.magic-knitting.rs\\\/#\\\/schema\\\/logo\\\/image\\\/\",\"url\":\"https:\\\/\\\/www.magic-knitting.rs\\\/wp-content\\\/uploads\\\/knitting-magic-logo.svg\",\"contentUrl\":\"https:\\\/\\\/www.magic-knitting.rs\\\/wp-content\\\/uploads\\\/knitting-magic-logo.svg\",\"width\":350,\"height\":56,\"caption\":\"Magic Knitting\"},\"image\":{\"@id\":\"https:\\\/\\\/www.magic-knitting.rs\\\/#\\\/schema\\\/logo\\\/image\\\/\"},\"sameAs\":[\"https:\\\/\\\/www.instagram.com\\\/knitting.magic\\\/\"]}]}<\/script>\n<!-- \/ Yoast SEO plugin. -->","yoast_head_json":{"title":"\u017dersej Transport I Gra\u0111evinarstvo | Magic Knitting","robots":{"index":"index","follow":"follow","max-snippet":"max-snippet:-1","max-image-preview":"max-image-preview:large","max-video-preview":"max-video-preview:-1"},"canonical":"https:\/\/www.magic-knitting.rs\/en\/prodavnica\/metraza\/katia-metraza\/zersej-transport-i-gradjevinarstvo\/","og_locale":"en_GB","og_type":"article","og_title":"\u017dersej Transport I Gra\u0111evinarstvo | Magic Knitting","og_description":"Sastav: 95% pamuk 5% eleastin  Grama\u017ea: 120gr\/mt2  Matra\u017ea: 145m - 150m  Ma\u0161insko pranje na 30. stepeni  &nbsp;","og_url":"https:\/\/www.magic-knitting.rs\/en\/prodavnica\/metraza\/katia-metraza\/zersej-transport-i-gradjevinarstvo\/","og_site_name":"Magic Knitting","article_modified_time":"2025-10-06T10:59:00+00:00","og_image":[{"width":1920,"height":2560,"url":"https:\/\/www.magic-knitting.rs\/wp-content\/uploads\/IMG_4336-1-1-scaled.jpeg","type":"image\/jpeg"}],"twitter_card":"summary_large_image","twitter_misc":{"Estimated reading time":"1 minute"},"schema":{"@context":"https:\/\/schema.org","@graph":[{"@type":"WebPage","@id":"https:\/\/www.magic-knitting.rs\/prodavnica\/metraza\/katia-metraza\/zersej-transport-i-gradjevinarstvo\/","url":"https:\/\/www.magic-knitting.rs\/prodavnica\/metraza\/katia-metraza\/zersej-transport-i-gradjevinarstvo\/","name":"\u017dersej Transport I Gra\u0111evinarstvo | Magic Knitting","isPartOf":{"@id":"https:\/\/www.magic-knitting.rs\/#website"},"primaryImageOfPage":{"@id":"https:\/\/www.magic-knitting.rs\/prodavnica\/metraza\/katia-metraza\/zersej-transport-i-gradjevinarstvo\/#primaryimage"},"image":{"@id":"https:\/\/www.magic-knitting.rs\/prodavnica\/metraza\/katia-metraza\/zersej-transport-i-gradjevinarstvo\/#primaryimage"},"thumbnailUrl":"https:\/\/www.magic-knitting.rs\/wp-content\/uploads\/IMG_4336-1-1-scaled.jpeg","datePublished":"2025-02-05T18:38:45+00:00","dateModified":"2025-10-06T10:59:00+00:00","breadcrumb":{"@id":"https:\/\/www.magic-knitting.rs\/prodavnica\/metraza\/katia-metraza\/zersej-transport-i-gradjevinarstvo\/#breadcrumb"},"inLanguage":"en-GB","potentialAction":[{"@type":"ReadAction","target":["https:\/\/www.magic-knitting.rs\/prodavnica\/metraza\/katia-metraza\/zersej-transport-i-gradjevinarstvo\/"]}]},{"@type":"ImageObject","inLanguage":"en-GB","@id":"https:\/\/www.magic-knitting.rs\/prodavnica\/metraza\/katia-metraza\/zersej-transport-i-gradjevinarstvo\/#primaryimage","url":"https:\/\/www.magic-knitting.rs\/wp-content\/uploads\/IMG_4336-1-1-scaled.jpeg","contentUrl":"https:\/\/www.magic-knitting.rs\/wp-content\/uploads\/IMG_4336-1-1-scaled.jpeg","width":1920,"height":2560},{"@type":"BreadcrumbList","@id":"https:\/\/www.magic-knitting.rs\/prodavnica\/metraza\/katia-metraza\/zersej-transport-i-gradjevinarstvo\/#breadcrumb","itemListElement":[{"@type":"ListItem","position":1,"name":"Po\u010detna","item":"https:\/\/www.magic-knitting.rs\/"},{"@type":"ListItem","position":2,"name":"Prodavnica","item":"https:\/\/www.magic-knitting.rs\/prodavnica\/"},{"@type":"ListItem","position":3,"name":"\u017dersej Transport I Gra\u0111evinarstvo"}]},{"@type":"WebSite","@id":"https:\/\/www.magic-knitting.rs\/#website","url":"https:\/\/www.magic-knitting.rs\/","name":"Magic Knitting","description":"wool and yarn","publisher":{"@id":"https:\/\/www.magic-knitting.rs\/#organization"},"potentialAction":[{"@type":"SearchAction","target":{"@type":"EntryPoint","urlTemplate":"https:\/\/www.magic-knitting.rs\/?s={search_term_string}"},"query-input":{"@type":"PropertyValueSpecification","valueRequired":true,"valueName":"search_term_string"}}],"inLanguage":"en-GB"},{"@type":"Organization","@id":"https:\/\/www.magic-knitting.rs\/#organization","name":"Magic Knitting","url":"https:\/\/www.magic-knitting.rs\/","logo":{"@type":"ImageObject","inLanguage":"en-GB","@id":"https:\/\/www.magic-knitting.rs\/#\/schema\/logo\/image\/","url":"https:\/\/www.magic-knitting.rs\/wp-content\/uploads\/knitting-magic-logo.svg","contentUrl":"https:\/\/www.magic-knitting.rs\/wp-content\/uploads\/knitting-magic-logo.svg","width":350,"height":56,"caption":"Magic Knitting"},"image":{"@id":"https:\/\/www.magic-knitting.rs\/#\/schema\/logo\/image\/"},"sameAs":["https:\/\/www.instagram.com\/knitting.magic\/"]}]}},"_links":{"self":[{"href":"https:\/\/www.magic-knitting.rs\/en\/wp-json\/wp\/v2\/product\/4369","targetHints":{"allow":["GET"]}}],"collection":[{"href":"https:\/\/www.magic-knitting.rs\/en\/wp-json\/wp\/v2\/product"}],"about":[{"href":"https:\/\/www.magic-knitting.rs\/en\/wp-json\/wp\/v2\/types\/product"}],"wp:featuredmedia":[{"embeddable":true,"href":"https:\/\/www.magic-knitting.rs\/en\/wp-json\/wp\/v2\/media\/4522"}],"wp:attachment":[{"href":"https:\/\/www.magic-knitting.rs\/en\/wp-json\/wp\/v2\/media?parent=4369"}],"wp:term":[{"taxonomy":"product_brand","embeddable":true,"href":"https:\/\/www.magic-knitting.rs\/en\/wp-json\/wp\/v2\/product_brand?post=4369"},{"taxonomy":"product_cat","embeddable":true,"href":"https:\/\/www.magic-knitting.rs\/en\/wp-json\/wp\/v2\/product_cat?post=4369"},{"taxonomy":"product_tag","embeddable":true,"href":"https:\/\/www.magic-knitting.rs\/en\/wp-json\/wp\/v2\/product_tag?post=4369"}],"curies":[{"name":"wp","href":"https:\/\/api.w.org\/{rel}","templated":true}]}}