{"id":3154,"date":"2022-11-26T23:39:56","date_gmt":"2022-11-26T22:39:56","guid":{"rendered":"https:\/\/www.magic-knitting.rs\/?post_type=product&#038;p=3154"},"modified":"2024-10-12T16:30:34","modified_gmt":"2024-10-12T14:30:34","slug":"gentile-merino","status":"publish","type":"product","link":"https:\/\/www.magic-knitting.rs\/en\/prodavnica\/predivo\/katia\/gentile-merino\/","title":{"rendered":"Gentile Merino"},"content":{"rendered":"<p>Katia Gentile Merino comes all the way from the south of Italy, high-quality merino wool with centuries of history. It dates back to the 15th century when Spanish kings in the Papal States crossed local sheep with Spanish Merino rams. Since then, careful breeding over the years by breeders in Puglia and Abruzzo has resulted in the current breed called Merino Gentile di Puglia.<br \/>\nWith every ball of Katia Gentile Merino, you support the project's values, confirming the origin and traceability of high-quality 100% Italian wool. Create unique garments with the fineness, resilience, and purity of merino wool produced under rigorous quality control.<br \/>\nFeel the tradition and exclusivity of Katia Gentile Merino in your hands.<\/p>","protected":false},"excerpt":{"rendered":"<p>Katia Gentile Merino dolazi \u010dak sa juga Italije, visokokvalitetna merino vuna sa vekovima istorije. Datira iz 15. veka, kada su \u0161panski kraljevi u Papskim Dr\u017eavama ukrstili lokalne ovce sa \u0161panskim ovnovima Merino rase. Od tada, pa\u017eljivi uzgoj sto\u010dara tokom godina od strane sto\u010dara u Pulji i Abrucu rezultirao je trenutnom rasom pod nazivom Merino Gentile [&hellip;]<\/p>\n","protected":false},"featured_media":3166,"template":"","meta":{"_acf_changed":false},"product_brand":[],"product_cat":[100,61],"product_tag":[],"class_list":{"0":"post-3154","1":"product","2":"type-product","3":"status-publish","4":"has-post-thumbnail","6":"product_cat-katia","7":"product_cat-predivo","8":"product_shipping_class-postexpress","10":"first","11":"outofstock","12":"shipping-taxable","13":"product-type-variable"},"acf":[],"yoast_head":"<!-- This site is optimized with the Yoast SEO plugin v27.5 - https:\/\/yoast.com\/product\/yoast-seo-wordpress\/ -->\n<title>Gentile Merino | Magic Knitting<\/title>\n<meta name=\"robots\" content=\"index, follow, max-snippet:-1, max-image-preview:large, max-video-preview:-1\" \/>\n<link rel=\"canonical\" href=\"https:\/\/www.magic-knitting.rs\/en\/prodavnica\/predivo\/katia\/gentile-merino\/\" \/>\n<meta property=\"og:locale\" content=\"en_GB\" \/>\n<meta property=\"og:type\" content=\"article\" \/>\n<meta property=\"og:title\" content=\"Gentile Merino | Magic Knitting\" \/>\n<meta property=\"og:description\" content=\"Katia Gentile Merino dolazi \u010dak sa juga Italije, visokokvalitetna merino vuna sa vekovima istorije. Datira iz 15. veka, kada su \u0161panski kraljevi u Papskim Dr\u017eavama ukrstili lokalne ovce sa \u0161panskim ovnovima Merino rase. Od tada, pa\u017eljivi uzgoj sto\u010dara tokom godina od strane sto\u010dara u Pulji i Abrucu rezultirao je trenutnom rasom pod nazivom Merino Gentile [&hellip;]\" \/>\n<meta property=\"og:url\" content=\"https:\/\/www.magic-knitting.rs\/en\/prodavnica\/predivo\/katia\/gentile-merino\/\" \/>\n<meta property=\"og:site_name\" content=\"Magic Knitting\" \/>\n<meta property=\"article:modified_time\" content=\"2024-10-12T14:30:34+00:00\" \/>\n<meta property=\"og:image\" content=\"https:\/\/www.magic-knitting.rs\/wp-content\/uploads\/IMG_2737-1-scaled.jpeg\" \/>\n\t<meta property=\"og:image:width\" content=\"1920\" \/>\n\t<meta property=\"og:image:height\" content=\"2560\" \/>\n\t<meta property=\"og:image:type\" content=\"image\/jpeg\" \/>\n<meta name=\"twitter:card\" content=\"summary_large_image\" \/>\n<meta name=\"twitter:label1\" content=\"Estimated reading time\" \/>\n\t<meta name=\"twitter:data1\" content=\"1 minute\" \/>\n<script type=\"application\/ld+json\" class=\"yoast-schema-graph\">{\"@context\":\"https:\\\/\\\/schema.org\",\"@graph\":[{\"@type\":\"WebPage\",\"@id\":\"https:\\\/\\\/www.magic-knitting.rs\\\/prodavnica\\\/predivo\\\/katia\\\/gentile-merino\\\/\",\"url\":\"https:\\\/\\\/www.magic-knitting.rs\\\/prodavnica\\\/predivo\\\/katia\\\/gentile-merino\\\/\",\"name\":\"Gentile Merino | Magic Knitting\",\"isPartOf\":{\"@id\":\"https:\\\/\\\/www.magic-knitting.rs\\\/#website\"},\"primaryImageOfPage\":{\"@id\":\"https:\\\/\\\/www.magic-knitting.rs\\\/prodavnica\\\/predivo\\\/katia\\\/gentile-merino\\\/#primaryimage\"},\"image\":{\"@id\":\"https:\\\/\\\/www.magic-knitting.rs\\\/prodavnica\\\/predivo\\\/katia\\\/gentile-merino\\\/#primaryimage\"},\"thumbnailUrl\":\"https:\\\/\\\/www.magic-knitting.rs\\\/wp-content\\\/uploads\\\/IMG_2737-1-scaled.jpeg\",\"datePublished\":\"2022-11-26T22:39:56+00:00\",\"dateModified\":\"2024-10-12T14:30:34+00:00\",\"breadcrumb\":{\"@id\":\"https:\\\/\\\/www.magic-knitting.rs\\\/prodavnica\\\/predivo\\\/katia\\\/gentile-merino\\\/#breadcrumb\"},\"inLanguage\":\"en-GB\",\"potentialAction\":[{\"@type\":\"ReadAction\",\"target\":[\"https:\\\/\\\/www.magic-knitting.rs\\\/prodavnica\\\/predivo\\\/katia\\\/gentile-merino\\\/\"]}]},{\"@type\":\"ImageObject\",\"inLanguage\":\"en-GB\",\"@id\":\"https:\\\/\\\/www.magic-knitting.rs\\\/prodavnica\\\/predivo\\\/katia\\\/gentile-merino\\\/#primaryimage\",\"url\":\"https:\\\/\\\/www.magic-knitting.rs\\\/wp-content\\\/uploads\\\/IMG_2737-1-scaled.jpeg\",\"contentUrl\":\"https:\\\/\\\/www.magic-knitting.rs\\\/wp-content\\\/uploads\\\/IMG_2737-1-scaled.jpeg\",\"width\":1920,\"height\":2560},{\"@type\":\"BreadcrumbList\",\"@id\":\"https:\\\/\\\/www.magic-knitting.rs\\\/prodavnica\\\/predivo\\\/katia\\\/gentile-merino\\\/#breadcrumb\",\"itemListElement\":[{\"@type\":\"ListItem\",\"position\":1,\"name\":\"Po\u010detna\",\"item\":\"https:\\\/\\\/www.magic-knitting.rs\\\/\"},{\"@type\":\"ListItem\",\"position\":2,\"name\":\"Prodavnica\",\"item\":\"https:\\\/\\\/www.magic-knitting.rs\\\/prodavnica\\\/\"},{\"@type\":\"ListItem\",\"position\":3,\"name\":\"Gentile Merino\"}]},{\"@type\":\"WebSite\",\"@id\":\"https:\\\/\\\/www.magic-knitting.rs\\\/#website\",\"url\":\"https:\\\/\\\/www.magic-knitting.rs\\\/\",\"name\":\"Magic Knitting\",\"description\":\"vune i prediva\",\"publisher\":{\"@id\":\"https:\\\/\\\/www.magic-knitting.rs\\\/#organization\"},\"potentialAction\":[{\"@type\":\"SearchAction\",\"target\":{\"@type\":\"EntryPoint\",\"urlTemplate\":\"https:\\\/\\\/www.magic-knitting.rs\\\/?s={search_term_string}\"},\"query-input\":{\"@type\":\"PropertyValueSpecification\",\"valueRequired\":true,\"valueName\":\"search_term_string\"}}],\"inLanguage\":\"en-GB\"},{\"@type\":\"Organization\",\"@id\":\"https:\\\/\\\/www.magic-knitting.rs\\\/#organization\",\"name\":\"Magic Knitting\",\"url\":\"https:\\\/\\\/www.magic-knitting.rs\\\/\",\"logo\":{\"@type\":\"ImageObject\",\"inLanguage\":\"en-GB\",\"@id\":\"https:\\\/\\\/www.magic-knitting.rs\\\/#\\\/schema\\\/logo\\\/image\\\/\",\"url\":\"https:\\\/\\\/www.magic-knitting.rs\\\/wp-content\\\/uploads\\\/knitting-magic-logo.svg\",\"contentUrl\":\"https:\\\/\\\/www.magic-knitting.rs\\\/wp-content\\\/uploads\\\/knitting-magic-logo.svg\",\"width\":350,\"height\":56,\"caption\":\"Magic Knitting\"},\"image\":{\"@id\":\"https:\\\/\\\/www.magic-knitting.rs\\\/#\\\/schema\\\/logo\\\/image\\\/\"},\"sameAs\":[\"https:\\\/\\\/www.instagram.com\\\/knitting.magic\\\/\"]}]}<\/script>\n<!-- \/ Yoast SEO plugin. -->","yoast_head_json":{"title":"Gentile Merino | Magic Knitting","robots":{"index":"index","follow":"follow","max-snippet":"max-snippet:-1","max-image-preview":"max-image-preview:large","max-video-preview":"max-video-preview:-1"},"canonical":"https:\/\/www.magic-knitting.rs\/en\/prodavnica\/predivo\/katia\/gentile-merino\/","og_locale":"en_GB","og_type":"article","og_title":"Gentile Merino | Magic Knitting","og_description":"Katia Gentile Merino dolazi \u010dak sa juga Italije, visokokvalitetna merino vuna sa vekovima istorije. Datira iz 15. veka, kada su \u0161panski kraljevi u Papskim Dr\u017eavama ukrstili lokalne ovce sa \u0161panskim ovnovima Merino rase. Od tada, pa\u017eljivi uzgoj sto\u010dara tokom godina od strane sto\u010dara u Pulji i Abrucu rezultirao je trenutnom rasom pod nazivom Merino Gentile [&hellip;]","og_url":"https:\/\/www.magic-knitting.rs\/en\/prodavnica\/predivo\/katia\/gentile-merino\/","og_site_name":"Magic Knitting","article_modified_time":"2024-10-12T14:30:34+00:00","og_image":[{"width":1920,"height":2560,"url":"https:\/\/www.magic-knitting.rs\/wp-content\/uploads\/IMG_2737-1-scaled.jpeg","type":"image\/jpeg"}],"twitter_card":"summary_large_image","twitter_misc":{"Estimated reading time":"1 minute"},"schema":{"@context":"https:\/\/schema.org","@graph":[{"@type":"WebPage","@id":"https:\/\/www.magic-knitting.rs\/prodavnica\/predivo\/katia\/gentile-merino\/","url":"https:\/\/www.magic-knitting.rs\/prodavnica\/predivo\/katia\/gentile-merino\/","name":"Gentile Merino | Magic Knitting","isPartOf":{"@id":"https:\/\/www.magic-knitting.rs\/#website"},"primaryImageOfPage":{"@id":"https:\/\/www.magic-knitting.rs\/prodavnica\/predivo\/katia\/gentile-merino\/#primaryimage"},"image":{"@id":"https:\/\/www.magic-knitting.rs\/prodavnica\/predivo\/katia\/gentile-merino\/#primaryimage"},"thumbnailUrl":"https:\/\/www.magic-knitting.rs\/wp-content\/uploads\/IMG_2737-1-scaled.jpeg","datePublished":"2022-11-26T22:39:56+00:00","dateModified":"2024-10-12T14:30:34+00:00","breadcrumb":{"@id":"https:\/\/www.magic-knitting.rs\/prodavnica\/predivo\/katia\/gentile-merino\/#breadcrumb"},"inLanguage":"en-GB","potentialAction":[{"@type":"ReadAction","target":["https:\/\/www.magic-knitting.rs\/prodavnica\/predivo\/katia\/gentile-merino\/"]}]},{"@type":"ImageObject","inLanguage":"en-GB","@id":"https:\/\/www.magic-knitting.rs\/prodavnica\/predivo\/katia\/gentile-merino\/#primaryimage","url":"https:\/\/www.magic-knitting.rs\/wp-content\/uploads\/IMG_2737-1-scaled.jpeg","contentUrl":"https:\/\/www.magic-knitting.rs\/wp-content\/uploads\/IMG_2737-1-scaled.jpeg","width":1920,"height":2560},{"@type":"BreadcrumbList","@id":"https:\/\/www.magic-knitting.rs\/prodavnica\/predivo\/katia\/gentile-merino\/#breadcrumb","itemListElement":[{"@type":"ListItem","position":1,"name":"Po\u010detna","item":"https:\/\/www.magic-knitting.rs\/"},{"@type":"ListItem","position":2,"name":"Prodavnica","item":"https:\/\/www.magic-knitting.rs\/prodavnica\/"},{"@type":"ListItem","position":3,"name":"Gentile Merino"}]},{"@type":"WebSite","@id":"https:\/\/www.magic-knitting.rs\/#website","url":"https:\/\/www.magic-knitting.rs\/","name":"Magic Knitting","description":"wool and yarn","publisher":{"@id":"https:\/\/www.magic-knitting.rs\/#organization"},"potentialAction":[{"@type":"SearchAction","target":{"@type":"EntryPoint","urlTemplate":"https:\/\/www.magic-knitting.rs\/?s={search_term_string}"},"query-input":{"@type":"PropertyValueSpecification","valueRequired":true,"valueName":"search_term_string"}}],"inLanguage":"en-GB"},{"@type":"Organization","@id":"https:\/\/www.magic-knitting.rs\/#organization","name":"Magic Knitting","url":"https:\/\/www.magic-knitting.rs\/","logo":{"@type":"ImageObject","inLanguage":"en-GB","@id":"https:\/\/www.magic-knitting.rs\/#\/schema\/logo\/image\/","url":"https:\/\/www.magic-knitting.rs\/wp-content\/uploads\/knitting-magic-logo.svg","contentUrl":"https:\/\/www.magic-knitting.rs\/wp-content\/uploads\/knitting-magic-logo.svg","width":350,"height":56,"caption":"Magic Knitting"},"image":{"@id":"https:\/\/www.magic-knitting.rs\/#\/schema\/logo\/image\/"},"sameAs":["https:\/\/www.instagram.com\/knitting.magic\/"]}]}},"_links":{"self":[{"href":"https:\/\/www.magic-knitting.rs\/en\/wp-json\/wp\/v2\/product\/3154","targetHints":{"allow":["GET"]}}],"collection":[{"href":"https:\/\/www.magic-knitting.rs\/en\/wp-json\/wp\/v2\/product"}],"about":[{"href":"https:\/\/www.magic-knitting.rs\/en\/wp-json\/wp\/v2\/types\/product"}],"wp:featuredmedia":[{"embeddable":true,"href":"https:\/\/www.magic-knitting.rs\/en\/wp-json\/wp\/v2\/media\/3166"}],"wp:attachment":[{"href":"https:\/\/www.magic-knitting.rs\/en\/wp-json\/wp\/v2\/media?parent=3154"}],"wp:term":[{"taxonomy":"product_brand","embeddable":true,"href":"https:\/\/www.magic-knitting.rs\/en\/wp-json\/wp\/v2\/product_brand?post=3154"},{"taxonomy":"product_cat","embeddable":true,"href":"https:\/\/www.magic-knitting.rs\/en\/wp-json\/wp\/v2\/product_cat?post=3154"},{"taxonomy":"product_tag","embeddable":true,"href":"https:\/\/www.magic-knitting.rs\/en\/wp-json\/wp\/v2\/product_tag?post=3154"}],"curies":[{"name":"wp","href":"https:\/\/api.w.org\/{rel}","templated":true}]}}