{"id":242,"date":"2020-05-31T20:43:48","date_gmt":"2020-05-31T18:43:48","guid":{"rendered":"https:\/\/www.magic-knitting.rs\/?post_type=product&#038;p=242"},"modified":"2026-04-21T22:49:25","modified_gmt":"2026-04-21T20:49:25","slug":"fair-cotton","status":"publish","type":"product","link":"https:\/\/www.magic-knitting.rs\/en\/prodavnica\/predivo\/katia\/fair-cotton\/","title":{"rendered":"Fair Cotton &#8211; 100% Organic Cotton"},"content":{"rendered":"<p>Organic cotton respects the environment and does not contain toxic substances. Ideal cotton for sensitive skin, especially suitable for children's clothing, comfortable summer sweaters, and soft children's blankets. Cotton is also suitable for all summer pieces, light dresses, and tops. This organic yarn has all the certificates of organic origin printed on its label.<\/p>\n<p>&nbsp;<\/p>\n<p>Po deklaraciji proizvo\u0111a\u010da za veli\u010dinu 42. potrebno je 6. komada Fair Cotton pletiva.<\/p>","protected":false},"excerpt":{"rendered":"<p>Sastav:\u00a0 100% organski pamuk<\/p>\n<p>Weight: 50g<\/p>\n<p>Length: 155 m<\/p>\n<p>Igle: 2.5mm &#8211; 3.5mm<\/p>\n<p>Crochet hook: 3.0mm<\/p>\n<p>Origin: Italy<\/p>","protected":false},"featured_media":4564,"template":"","meta":{"_acf_changed":false},"product_brand":[],"product_cat":[100,61],"product_tag":[23],"class_list":{"0":"post-242","1":"product","2":"type-product","3":"status-publish","4":"has-post-thumbnail","6":"product_cat-katia","7":"product_cat-predivo","8":"product_tag-pamuk","9":"product_shipping_class-postexpress","11":"first","12":"instock","13":"sale","14":"shipping-taxable","15":"purchasable","16":"product-type-variable","17":"has-default-attributes"},"acf":[],"yoast_head":"<!-- This site is optimized with the Yoast SEO plugin v27.4 - https:\/\/yoast.com\/product\/yoast-seo-wordpress\/ -->\n<title>Katia Fair Cotton - 100% Organic Cotton | Predivo | Magic Knitting<\/title>\n<meta name=\"description\" content=\"Katia Fair Cotton je idealan pamuk za osetljivu ko\u017eu, posebno pogodan za de\u010dije odevne komade, udobne letnje d\u017eempere i meku de\u010diju c\u0301ebad.\" \/>\n<meta name=\"robots\" content=\"index, follow, max-snippet:-1, max-image-preview:large, max-video-preview:-1\" \/>\n<link rel=\"canonical\" href=\"https:\/\/www.magic-knitting.rs\/en\/prodavnica\/predivo\/katia\/fair-cotton\/\" \/>\n<meta property=\"og:locale\" content=\"en_GB\" \/>\n<meta property=\"og:type\" content=\"article\" \/>\n<meta property=\"og:title\" content=\"Katia Fair Cotton - 100% Organic Cotton | Predivo | Magic Knitting\" \/>\n<meta property=\"og:description\" content=\"Katia Fair Cotton je idealan pamuk za osetljivu ko\u017eu, posebno pogodan za de\u010dije odevne komade, udobne letnje d\u017eempere i meku de\u010diju c\u0301ebad.\" \/>\n<meta property=\"og:url\" content=\"https:\/\/www.magic-knitting.rs\/en\/prodavnica\/predivo\/katia\/fair-cotton\/\" \/>\n<meta property=\"og:site_name\" content=\"Magic Knitting\" \/>\n<meta property=\"article:modified_time\" content=\"2026-04-21T20:49:25+00:00\" \/>\n<meta property=\"og:image\" content=\"https:\/\/www.magic-knitting.rs\/wp-content\/uploads\/unnamed-23-1-scaled.jpg\" \/>\n\t<meta property=\"og:image:width\" content=\"2560\" \/>\n\t<meta property=\"og:image:height\" content=\"2560\" \/>\n\t<meta property=\"og:image:type\" content=\"image\/jpeg\" \/>\n<meta name=\"twitter:card\" content=\"summary_large_image\" \/>\n<meta name=\"twitter:label1\" content=\"Estimated reading time\" \/>\n\t<meta name=\"twitter:data1\" content=\"1 minute\" \/>\n<script type=\"application\/ld+json\" class=\"yoast-schema-graph\">{\"@context\":\"https:\\\/\\\/schema.org\",\"@graph\":[{\"@type\":\"WebPage\",\"@id\":\"https:\\\/\\\/www.magic-knitting.rs\\\/prodavnica\\\/predivo\\\/katia\\\/fair-cotton\\\/\",\"url\":\"https:\\\/\\\/www.magic-knitting.rs\\\/prodavnica\\\/predivo\\\/katia\\\/fair-cotton\\\/\",\"name\":\"Katia Fair Cotton - 100% Organic Cotton | Predivo | Magic Knitting\",\"isPartOf\":{\"@id\":\"https:\\\/\\\/www.magic-knitting.rs\\\/#website\"},\"primaryImageOfPage\":{\"@id\":\"https:\\\/\\\/www.magic-knitting.rs\\\/prodavnica\\\/predivo\\\/katia\\\/fair-cotton\\\/#primaryimage\"},\"image\":{\"@id\":\"https:\\\/\\\/www.magic-knitting.rs\\\/prodavnica\\\/predivo\\\/katia\\\/fair-cotton\\\/#primaryimage\"},\"thumbnailUrl\":\"https:\\\/\\\/www.magic-knitting.rs\\\/wp-content\\\/uploads\\\/unnamed-23-1-scaled.jpg\",\"datePublished\":\"2020-05-31T18:43:48+00:00\",\"dateModified\":\"2026-04-21T20:49:25+00:00\",\"description\":\"Katia Fair Cotton je idealan pamuk za osetljivu ko\u017eu, posebno pogodan za de\u010dije odevne komade, udobne letnje d\u017eempere i meku de\u010diju c\u0301ebad.\",\"breadcrumb\":{\"@id\":\"https:\\\/\\\/www.magic-knitting.rs\\\/prodavnica\\\/predivo\\\/katia\\\/fair-cotton\\\/#breadcrumb\"},\"inLanguage\":\"en-GB\",\"potentialAction\":[{\"@type\":\"ReadAction\",\"target\":[\"https:\\\/\\\/www.magic-knitting.rs\\\/prodavnica\\\/predivo\\\/katia\\\/fair-cotton\\\/\"]}]},{\"@type\":\"ImageObject\",\"inLanguage\":\"en-GB\",\"@id\":\"https:\\\/\\\/www.magic-knitting.rs\\\/prodavnica\\\/predivo\\\/katia\\\/fair-cotton\\\/#primaryimage\",\"url\":\"https:\\\/\\\/www.magic-knitting.rs\\\/wp-content\\\/uploads\\\/unnamed-23-1-scaled.jpg\",\"contentUrl\":\"https:\\\/\\\/www.magic-knitting.rs\\\/wp-content\\\/uploads\\\/unnamed-23-1-scaled.jpg\",\"width\":2560,\"height\":2560},{\"@type\":\"BreadcrumbList\",\"@id\":\"https:\\\/\\\/www.magic-knitting.rs\\\/prodavnica\\\/predivo\\\/katia\\\/fair-cotton\\\/#breadcrumb\",\"itemListElement\":[{\"@type\":\"ListItem\",\"position\":1,\"name\":\"Po\u010detna\",\"item\":\"https:\\\/\\\/www.magic-knitting.rs\\\/\"},{\"@type\":\"ListItem\",\"position\":2,\"name\":\"Prodavnica\",\"item\":\"https:\\\/\\\/www.magic-knitting.rs\\\/prodavnica\\\/\"},{\"@type\":\"ListItem\",\"position\":3,\"name\":\"Fair Cotton &#8211; 100% Organic Cotton\"}]},{\"@type\":\"WebSite\",\"@id\":\"https:\\\/\\\/www.magic-knitting.rs\\\/#website\",\"url\":\"https:\\\/\\\/www.magic-knitting.rs\\\/\",\"name\":\"Magic Knitting\",\"description\":\"vune i prediva\",\"publisher\":{\"@id\":\"https:\\\/\\\/www.magic-knitting.rs\\\/#organization\"},\"potentialAction\":[{\"@type\":\"SearchAction\",\"target\":{\"@type\":\"EntryPoint\",\"urlTemplate\":\"https:\\\/\\\/www.magic-knitting.rs\\\/?s={search_term_string}\"},\"query-input\":{\"@type\":\"PropertyValueSpecification\",\"valueRequired\":true,\"valueName\":\"search_term_string\"}}],\"inLanguage\":\"en-GB\"},{\"@type\":\"Organization\",\"@id\":\"https:\\\/\\\/www.magic-knitting.rs\\\/#organization\",\"name\":\"Magic Knitting\",\"url\":\"https:\\\/\\\/www.magic-knitting.rs\\\/\",\"logo\":{\"@type\":\"ImageObject\",\"inLanguage\":\"en-GB\",\"@id\":\"https:\\\/\\\/www.magic-knitting.rs\\\/#\\\/schema\\\/logo\\\/image\\\/\",\"url\":\"https:\\\/\\\/www.magic-knitting.rs\\\/wp-content\\\/uploads\\\/knitting-magic-logo.svg\",\"contentUrl\":\"https:\\\/\\\/www.magic-knitting.rs\\\/wp-content\\\/uploads\\\/knitting-magic-logo.svg\",\"width\":350,\"height\":56,\"caption\":\"Magic Knitting\"},\"image\":{\"@id\":\"https:\\\/\\\/www.magic-knitting.rs\\\/#\\\/schema\\\/logo\\\/image\\\/\"},\"sameAs\":[\"https:\\\/\\\/www.instagram.com\\\/knitting.magic\\\/\"]}]}<\/script>\n<!-- \/ Yoast SEO plugin. -->","yoast_head_json":{"title":"Katia Fair Cotton - 100% Organic Cotton | Predivo | Magic Knitting","description":"Katia Fair Cotton je idealan pamuk za osetljivu ko\u017eu, posebno pogodan za de\u010dije odevne komade, udobne letnje d\u017eempere i meku de\u010diju c\u0301ebad.","robots":{"index":"index","follow":"follow","max-snippet":"max-snippet:-1","max-image-preview":"max-image-preview:large","max-video-preview":"max-video-preview:-1"},"canonical":"https:\/\/www.magic-knitting.rs\/en\/prodavnica\/predivo\/katia\/fair-cotton\/","og_locale":"en_GB","og_type":"article","og_title":"Katia Fair Cotton - 100% Organic Cotton | Predivo | Magic Knitting","og_description":"Katia Fair Cotton je idealan pamuk za osetljivu ko\u017eu, posebno pogodan za de\u010dije odevne komade, udobne letnje d\u017eempere i meku de\u010diju c\u0301ebad.","og_url":"https:\/\/www.magic-knitting.rs\/en\/prodavnica\/predivo\/katia\/fair-cotton\/","og_site_name":"Magic Knitting","article_modified_time":"2026-04-21T20:49:25+00:00","og_image":[{"width":2560,"height":2560,"url":"https:\/\/www.magic-knitting.rs\/wp-content\/uploads\/unnamed-23-1-scaled.jpg","type":"image\/jpeg"}],"twitter_card":"summary_large_image","twitter_misc":{"Estimated reading time":"1 minute"},"schema":{"@context":"https:\/\/schema.org","@graph":[{"@type":"WebPage","@id":"https:\/\/www.magic-knitting.rs\/prodavnica\/predivo\/katia\/fair-cotton\/","url":"https:\/\/www.magic-knitting.rs\/prodavnica\/predivo\/katia\/fair-cotton\/","name":"Katia Fair Cotton - 100% Organic Cotton | Predivo | Magic Knitting","isPartOf":{"@id":"https:\/\/www.magic-knitting.rs\/#website"},"primaryImageOfPage":{"@id":"https:\/\/www.magic-knitting.rs\/prodavnica\/predivo\/katia\/fair-cotton\/#primaryimage"},"image":{"@id":"https:\/\/www.magic-knitting.rs\/prodavnica\/predivo\/katia\/fair-cotton\/#primaryimage"},"thumbnailUrl":"https:\/\/www.magic-knitting.rs\/wp-content\/uploads\/unnamed-23-1-scaled.jpg","datePublished":"2020-05-31T18:43:48+00:00","dateModified":"2026-04-21T20:49:25+00:00","description":"Katia Fair Cotton je idealan pamuk za osetljivu ko\u017eu, posebno pogodan za de\u010dije odevne komade, udobne letnje d\u017eempere i meku de\u010diju c\u0301ebad.","breadcrumb":{"@id":"https:\/\/www.magic-knitting.rs\/prodavnica\/predivo\/katia\/fair-cotton\/#breadcrumb"},"inLanguage":"en-GB","potentialAction":[{"@type":"ReadAction","target":["https:\/\/www.magic-knitting.rs\/prodavnica\/predivo\/katia\/fair-cotton\/"]}]},{"@type":"ImageObject","inLanguage":"en-GB","@id":"https:\/\/www.magic-knitting.rs\/prodavnica\/predivo\/katia\/fair-cotton\/#primaryimage","url":"https:\/\/www.magic-knitting.rs\/wp-content\/uploads\/unnamed-23-1-scaled.jpg","contentUrl":"https:\/\/www.magic-knitting.rs\/wp-content\/uploads\/unnamed-23-1-scaled.jpg","width":2560,"height":2560},{"@type":"BreadcrumbList","@id":"https:\/\/www.magic-knitting.rs\/prodavnica\/predivo\/katia\/fair-cotton\/#breadcrumb","itemListElement":[{"@type":"ListItem","position":1,"name":"Po\u010detna","item":"https:\/\/www.magic-knitting.rs\/"},{"@type":"ListItem","position":2,"name":"Prodavnica","item":"https:\/\/www.magic-knitting.rs\/prodavnica\/"},{"@type":"ListItem","position":3,"name":"Fair Cotton &#8211; 100% Organic Cotton"}]},{"@type":"WebSite","@id":"https:\/\/www.magic-knitting.rs\/#website","url":"https:\/\/www.magic-knitting.rs\/","name":"Magic Knitting","description":"wool and yarn","publisher":{"@id":"https:\/\/www.magic-knitting.rs\/#organization"},"potentialAction":[{"@type":"SearchAction","target":{"@type":"EntryPoint","urlTemplate":"https:\/\/www.magic-knitting.rs\/?s={search_term_string}"},"query-input":{"@type":"PropertyValueSpecification","valueRequired":true,"valueName":"search_term_string"}}],"inLanguage":"en-GB"},{"@type":"Organization","@id":"https:\/\/www.magic-knitting.rs\/#organization","name":"Magic Knitting","url":"https:\/\/www.magic-knitting.rs\/","logo":{"@type":"ImageObject","inLanguage":"en-GB","@id":"https:\/\/www.magic-knitting.rs\/#\/schema\/logo\/image\/","url":"https:\/\/www.magic-knitting.rs\/wp-content\/uploads\/knitting-magic-logo.svg","contentUrl":"https:\/\/www.magic-knitting.rs\/wp-content\/uploads\/knitting-magic-logo.svg","width":350,"height":56,"caption":"Magic Knitting"},"image":{"@id":"https:\/\/www.magic-knitting.rs\/#\/schema\/logo\/image\/"},"sameAs":["https:\/\/www.instagram.com\/knitting.magic\/"]}]}},"_links":{"self":[{"href":"https:\/\/www.magic-knitting.rs\/en\/wp-json\/wp\/v2\/product\/242","targetHints":{"allow":["GET"]}}],"collection":[{"href":"https:\/\/www.magic-knitting.rs\/en\/wp-json\/wp\/v2\/product"}],"about":[{"href":"https:\/\/www.magic-knitting.rs\/en\/wp-json\/wp\/v2\/types\/product"}],"wp:featuredmedia":[{"embeddable":true,"href":"https:\/\/www.magic-knitting.rs\/en\/wp-json\/wp\/v2\/media\/4564"}],"wp:attachment":[{"href":"https:\/\/www.magic-knitting.rs\/en\/wp-json\/wp\/v2\/media?parent=242"}],"wp:term":[{"taxonomy":"product_brand","embeddable":true,"href":"https:\/\/www.magic-knitting.rs\/en\/wp-json\/wp\/v2\/product_brand?post=242"},{"taxonomy":"product_cat","embeddable":true,"href":"https:\/\/www.magic-knitting.rs\/en\/wp-json\/wp\/v2\/product_cat?post=242"},{"taxonomy":"product_tag","embeddable":true,"href":"https:\/\/www.magic-knitting.rs\/en\/wp-json\/wp\/v2\/product_tag?post=242"}],"curies":[{"name":"wp","href":"https:\/\/api.w.org\/{rel}","templated":true}]}}